{"id":446,"date":"2024-11-06T11:01:28","date_gmt":"2024-11-06T09:01:28","guid":{"rendered":"https:\/\/mariasmolina.wordpress.com\/?page_id=446"},"modified":"2025-03-21T15:03:37","modified_gmt":"2025-03-21T15:03:37","slug":"agiilnemudel","status":"publish","type":"page","link":"https:\/\/mariasmolina24.thkit.ee\/wp\/agiilnemudel\/","title":{"rendered":"Agiilne mudel"},"content":{"rendered":"<div data-colibri-id=\"446-c1\" class=\"style-414 style-local-446-c1 position-relative\">\n  <!---->\n  <div data-colibri-component=\"section\" data-colibri-id=\"446-c2\" id=\"initial-content\" class=\"h-section h-section-global-spacing d-flex align-items-lg-center align-items-md-center align-items-center style-415 style-local-446-c2 position-relative\">\n    <!---->\n    <!---->\n    <div class=\"h-section-grid-container h-section-boxed-container\">\n      <!---->\n      <div data-colibri-id=\"446-c3\" class=\"h-row-container gutters-row-lg-3 gutters-row-md-3 gutters-row-0 gutters-row-v-lg-3 gutters-row-v-md-3 gutters-row-v-3 style-416 style-local-446-c3 position-relative\">\n        <!---->\n        <div class=\"h-row justify-content-lg-center justify-content-md-center justify-content-center align-items-lg-stretch align-items-md-stretch align-items-stretch gutters-col-lg-3 gutters-col-md-3 gutters-col-0 gutters-col-v-lg-3 gutters-col-v-md-3 gutters-col-v-3\">\n          <!---->\n          <div class=\"h-column h-column-container d-flex h-col-lg-auto h-col-md-auto h-col-auto style-417-outer style-local-446-c4-outer\">\n            <div data-colibri-id=\"446-c4\" class=\"d-flex h-flex-basis h-column__inner h-px-lg-3 h-px-md-3 h-px-3 v-inner-lg-3 v-inner-md-3 v-inner-3 style-417 style-local-446-c4 position-relative\">\n              <!---->\n              <!---->\n              <div class=\"w-100 h-y-container h-column__content h-column__v-align flex-basis-100 align-self-lg-start align-self-md-start align-self-start\">\n                <!---->\n                <div data-colibri-id=\"446-c5\" class=\"style-418 style-local-446-c5 position-relative h-element\">\n                  <!---->\n                  <div>\n                    \n                    <h2 class=\"wp-block-heading has-text-align-center\">1. Ajalugu<\/h2>\n                    \n\n                    \n                    <blockquote class=\"wp-block-quote is-style-plain is-layout-flow wp-block-quote-is-layout-flow\">\n                      \n                      <p class=\"has-tertiary-background-color has-background\"><em><strong><a href=\"https:\/\/et.wikipedia.org\/wiki\/Agiilsed_metoodikad\">Agiilne mudel<\/a><\/strong> arendati v\u00e4lja 1990. aastate l\u00f5pus, kuid ametlikult m\u00e4\u00e4ratleti see 2001. aastal <strong>Agiilse tarkvaraarenduse manifestiga<\/strong>, mille koostasid 17 tarkvaraarenduse eksperti, sealhulgas <strong>Kent Beck<\/strong> ja <strong>Jeff Sutherland<\/strong>. Manifesti eesm\u00e4rk oli tutvustada paindlikku, iteratiivset arendusprotsessi, mis keskendub koost\u00f6\u00f6le, t\u00f6\u00f6tavale tarkvarale ja kiirele reageerimisele muutuvatele n\u00f5udmistele.<\/em><\/p>\n                      \n                    <\/blockquote>\n                    \n\n                    \n                    <p><strong>Agiilne mudel (Agile model)<\/strong> on tarkvaraarenduse l\u00e4henemisviis, mis r\u00f5hutab paindlikkust, koost\u00f6\u00f6d ja kiiret reageerimist muutuvatele n\u00f5udmistele. <\/p>\n                    \n\n                    \n                    <p>Agiilne arendus keskendub l\u00fchikeste iteratsioonide ehk sprindidega t\u00f6\u00f6tamisele, pidevale tagasisidele ja toote j\u00e4rkj\u00e4rgulisele t\u00e4iustamisele. Agiilne l\u00e4henemine on t\u00e4nap\u00e4eval \u00fcks populaarsemaid tarkvaraarenduse meetodeid, kuid sellel\n                      on oma ajalugu, millele on andnud aluse mitmed eelnevad meetodid ja teooriad.<\/p>\n                    \n\n                    \n                    <hr class=\"wp-block-separator aligncenter has-alpha-channel-opacity is-style-wide\">\n                    \n\n                    \n                    <h2 class=\"wp-block-heading has-text-align-center\">2. Etapid ja tegevused<\/h2>\n                    \n\n                    \n                    <ul class=\"wp-block-list has-tertiary-background-color has-background\">\n                      \n                      <li style=\"margin-top:0;margin-right:0;margin-bottom:0;margin-left:0;padding-top:0;padding-right:0;padding-bottom:0;padding-left:0\"><strong>N\u00f5udmiste kogumine <\/strong>(Requirements Gathering) &#8211; <em>Kogutakse ja anal\u00fc\u00fcsitakse kasutaja v\u00f5i kliendi n\u00f5udmisi. Loetakse toote <strong>backlog<\/strong>, kuhu pannakse k\u00f5ik arendatavad funktsioonid ja \u00fclesanded.<\/em>\n                        <br>\n                      <\/li>\n                      \n\n                      \n                      <li style=\"margin-top:0;margin-right:0;margin-bottom:0;margin-left:0;padding-top:0;padding-right:0;padding-bottom:0;padding-left:0\"><strong>Planeerimine <\/strong>(Planning) &#8211; <em>M\u00e4\u00e4ratakse j\u00e4rgmise sprindi \u00fclesanded ja prioriteedid. Koostatakse plaan, kuidas jagada \u00fclesanded meeskonnaliikmete vahel ja mida j\u00e4rgmiseks saavutada.<\/em>\n                        <br>\n                      <\/li>\n                      \n\n                      \n                      <li style=\"margin-top:0;margin-right:0;margin-bottom:0;margin-left:0;padding-top:0;padding-right:0;padding-bottom:0;padding-left:0\"><strong>Arendus<\/strong> (Development) &#8211; <em>Arendajad t\u00f6\u00f6tavad valitud \u00fclesannete kallal, luues t\u00f6\u00f6tava tarkvara. Iga iteratsiooni l\u00f5pus on loodud toimiv ja testitav tooteosa.<\/em>\n                        <br>\n                      <\/li>\n                      \n\n                      \n                      <li style=\"margin-top:0;margin-right:0;margin-bottom:0;margin-left:0;padding-top:0;padding-right:0;padding-bottom:0;padding-left:0\"><strong>Testimine <\/strong>(Testing) &#8211; <em>Iga sprindi l\u00f5pus testitakse loodud tarkvara, et tagada selle t\u00f6\u00f6kindlus. Kasutatakse erinevaid testimise tasandeid, sealhulgas \u00fcksuste testimist ja s\u00fcsteemitestimist.<\/em>\n                        <br>\n                      <\/li>\n                      \n\n                      \n                      <li style=\"margin-top:0;margin-right:0;margin-bottom:0;margin-left:0;padding-top:0;padding-right:0;padding-bottom:0;padding-left:0\"><strong>\u00dclevaatus ja tagasiside <\/strong>(Review and Feedback) &#8211; <em>Esitletakse tarkvara klientidele ja kogutakse tagasisidet. Tagasiside abil korrigeeritakse toote suunda ja plaanitakse j\u00e4rgmised sammud.<\/em>\n                        <br>\n                      <\/li>\n                      \n\n                      \n                      <li style=\"margin-top:0;margin-right:0;margin-bottom:0;margin-left:0;padding-top:0;padding-right:0;padding-bottom:0;padding-left:0\"><strong>Retrospektiiv <\/strong>(Retrospective) &#8211; <em>Meeskond anal\u00fc\u00fcsib, mis t\u00f6\u00f6tas h\u00e4sti ja mis vajab parendamist. P\u00e4rast igat sprindi arutatakse, kuidas protsessi t\u00f5hustada ja j\u00e4rgmistes iteratsioonides paremini t\u00f6\u00f6tada.<\/em><\/li>\n                      \n                    <\/ul>\n                    \n\n                    \n                    <hr class=\"wp-block-separator aligncenter has-alpha-channel-opacity is-style-wide\">\n                    \n\n                    \n                    <h2 class=\"wp-block-heading has-text-align-center\">3. Skeem<\/h2>\n                    \n\n                    <div class=\"wp-block-image is-style-default\">\n                    <figure class=\"aligncenter size-full is-resized\">\n                      <img loading=\"lazy\" decoding=\"async\" width=\"1024\" height=\"954\" src=\"https:\/\/mariasmolina24.thkit.ee\/wp\/wp-content\/uploads\/2024\/11\/image-4.webp\" alt=\"Agiilne mudel\" class=\"wp-image-644\" style=\"width:618px;height:auto\" srcset=\"https:\/\/mariasmolina24.thkit.ee\/wp\/wp-content\/uploads\/2024\/11\/image-4.webp 1024w, https:\/\/mariasmolina24.thkit.ee\/wp\/wp-content\/uploads\/2024\/11\/image-4-300x279.webp 300w, https:\/\/mariasmolina24.thkit.ee\/wp\/wp-content\/uploads\/2024\/11\/image-4-768x716.webp 768w\" sizes=\"auto, (max-width: 1024px) 100vw, 1024px\" \/>\n                      <figcaption class=\"wp-element-caption\">inglise keeles<\/figcaption>\n                    <\/figure>\n                    <\/div>\n\n                    <div class=\"wp-block-image\">\n                    <figure class=\"aligncenter size-full\">\n                      <img loading=\"lazy\" decoding=\"async\" width=\"696\" height=\"413\" src=\"https:\/\/mariasmolina24.thkit.ee\/wp\/wp-content\/uploads\/2024\/11\/endevops-min-1.webp\" alt=\"Agiilne mudel\" class=\"wp-image-643\" srcset=\"https:\/\/mariasmolina24.thkit.ee\/wp\/wp-content\/uploads\/2024\/11\/endevops-min-1.webp 696w, https:\/\/mariasmolina24.thkit.ee\/wp\/wp-content\/uploads\/2024\/11\/endevops-min-1-300x178.webp 300w\" sizes=\"auto, (max-width: 696px) 100vw, 696px\" \/>\n                      <figcaption class=\"wp-element-caption\"><em>vene keeles<\/em><\/figcaption>\n                    <\/figure>\n                    <\/div>\n\n                    \n                    <hr class=\"wp-block-separator aligncenter has-alpha-channel-opacity is-style-wide\">\n                    \n\n                    \n                    <h2 class=\"wp-block-heading has-text-align-center\">4. Plussid<\/h2>\n                    \n\n                    \n                    <ul class=\"wp-block-list\">\n                      \n                      <li><strong>Minimeerige riske&nbsp;<\/strong>paindliku muudatuss\u00fcsteemiga\n                        <br>\n                      <\/li>\n                      \n\n                      \n                      <li><strong>Projekti esinejate,&nbsp;<\/strong>korraldajate ja tellijate k\u00f5rge kaasatus\n                        <br>\n                      <\/li>\n                      \n\n                      \n                      <li><strong>L\u00fchikesed ja arusaadavad iteratsioonid \u2013&nbsp;<\/strong>arendusts\u00fcklid kestavad 2 n\u00e4dalast 2 kuuni, mille j\u00e4rel saab klient toote t\u00f6\u00f6versiooni\n                        <br>\n                      <\/li>\n                      \n\n                      \n                      <li><strong>Meetodi populaarsus&nbsp;<\/strong>\u00e4rijuhtimistarkvara arendajate seas\n                        <br>\n                      <\/li>\n                      \n\n                      \n                      <li><strong>Esirinnas on t\u00f6\u00f6tav toode kui peamine edusammun\u00e4itaja \u2013&nbsp;<\/strong>seda v\u00f5ib pidada nii plussiks kui miinuseks, sest sel juhul esitatakse projektimeeskonnale k\u00f5rged n\u00f5uded eneseorganiseerumisele<\/li>\n                      \n                    <\/ul>\n                    \n\n                    \n                    <hr class=\"wp-block-separator aligncenter has-alpha-channel-opacity\">\n                    \n\n                    \n                    <h2 class=\"wp-block-heading has-text-align-center\">5. Miinused<\/h2>\n                    \n\n                    \n                    <ul class=\"wp-block-list\">\n                      \n                      <li><strong>Julgustage pidevat projekti muutmist:&nbsp;<\/strong>tootearenduse paindlikkus v\u00f5ib viia selleni, et see ei j\u00f5ua kunagi l\u00f5pliku versioonini\n                        <br>\n                      <\/li>\n                      \n\n                      \n                      <li><strong>K\u00f5rgendatud n\u00f5uded meeskonna kvalifikatsioonile ja kogemustele<\/strong>: lisaks otsesele toote loomisele peab meeskond anal\u00fc\u00fcsima v\u00f5imalikke v\u00f5imalusi enda t\u00f6\u00f6 efektiivsuse t\u00f5stmiseks, pidevalt vahetama projekti kohta infot,\n                        olema motiveeritud ja iseorganiseerunud.\n                        <br>\n                      <\/li>\n                      \n\n                      \n                      <li><strong>Meeskond<\/strong>&nbsp;ei saa mehaaniliselt rakendada \u201cagiilse\u201d arenduse mehaanikat, vaja on aktsepteerida s\u00fcsteemi p\u00f5hiprintsiipe\n                        <br>\n                      <\/li>\n                      \n\n                      \n                      <li><strong>L\u00f5pliku t\u00f6\u00f6mahu arvutamise keerukus<\/strong>: l\u00f5pptoote muudatuste ja t\u00e4iustuste stimuleerimine toob kaasa projekti maksumuse ujuva v\u00e4\u00e4rtuse. Seet\u00f5ttu ei sobi Agile projektijuhtimiseks ehituses, kus k\u00f5ikidele t\u00f6\u00f6dele tehakse\n                        selge hinnang.\n                        <br>\n                      <\/li>\n                      \n\n                      \n                      <li><strong>N\u00f5rk t\u00e4helepanu dokumentidele.<\/strong>&nbsp;N\u00f5uete ja konfliktiolukordade korral ei ole esinejal lihtsalt oma kaitseks argumente.<\/li>\n                      \n                    <\/ul>\n                    \n\n                    <div class = \"hdq_quiz_wrapper\"><a href = \"https:\/\/mariasmolina24.thkit.ee\/wp\/agiilnemudel\/\" rel=\"noamphtml\" class = \"hdq_quiz_start hdq_button button\" role = \"button\">\u041d\u0430\u0447\u0430\u0442\u044c \u0442\u0435\u0441\u0442<\/a><\/div>\n\n                  <\/div>\n                <\/div>\n              <\/div>\n            <\/div>\n          <\/div>\n        <\/div>\n      <\/div>\n    <\/div>\n  <\/div>\n<\/div>","protected":false},"excerpt":{"rendered":"<p>1. Ajalugu Agiilne mudel arendati v\u00e4lja 1990. aastate l\u00f5pus, kuid ametlikult m\u00e4\u00e4ratleti see [&hellip;]<\/p>\n","protected":false},"author":1,"featured_media":0,"parent":0,"menu_order":0,"comment_status":"closed","ping_status":"closed","template":"page-templates\/full-width-page.php","meta":{"footnotes":""},"class_list":["post-446","page","type-page","status-publish","hentry"],"yoast_head":"<!-- This site is optimized with the Yoast SEO plugin v27.3 - https:\/\/yoast.com\/product\/yoast-seo-wordpress\/ -->\n<title>Agiilne mudel - Maria Smolina &Otilde;PIMAPP\/ Portfoolio | EST |<\/title>\n<meta name=\"description\" content=\"Agiilne mudel on paindlik tarkvaraarenduse l\u00e4henemisviis, mis r\u00f5hutab koost\u00f6\u00f6d, kiiret kohanemist ja iteratiivset arendust, tagades pideva t\u00e4iustamise\" \/>\n<meta name=\"robots\" content=\"index, follow, max-snippet:-1, max-image-preview:large, max-video-preview:-1\" \/>\n<link rel=\"canonical\" href=\"https:\/\/mariasmolina24.thkit.ee\/wp\/agiilnemudel\/\" \/>\n<meta property=\"og:locale\" content=\"et_EE\" \/>\n<meta property=\"og:type\" content=\"article\" \/>\n<meta property=\"og:title\" content=\"Agiilne mudel - Maria Smolina &Otilde;PIMAPP\/ Portfoolio | EST |\" \/>\n<meta property=\"og:description\" content=\"Agiilne mudel on paindlik tarkvaraarenduse l\u00e4henemisviis, mis r\u00f5hutab koost\u00f6\u00f6d, kiiret kohanemist ja iteratiivset arendust, tagades pideva t\u00e4iustamise\" \/>\n<meta property=\"og:url\" content=\"https:\/\/mariasmolina24.thkit.ee\/wp\/agiilnemudel\/\" \/>\n<meta property=\"og:site_name\" content=\"Maria Smolina &Otilde;PIMAPP\/ Portfoolio | EST |\" \/>\n<meta property=\"article:modified_time\" content=\"2025-03-21T15:03:37+00:00\" \/>\n<meta property=\"og:image\" content=\"https:\/\/mariasmolina24.thkit.ee\/wp\/wp-content\/uploads\/2024\/11\/image-4.webp\" \/>\n\t<meta property=\"og:image:width\" content=\"1024\" \/>\n\t<meta property=\"og:image:height\" content=\"954\" \/>\n\t<meta property=\"og:image:type\" content=\"image\/webp\" \/>\n<meta name=\"twitter:card\" content=\"summary_large_image\" \/>\n<meta name=\"twitter:label1\" content=\"Est. reading time\" \/>\n\t<meta name=\"twitter:data1\" content=\"3 minutit\" \/>\n<script type=\"application\/ld+json\" class=\"yoast-schema-graph\">{\"@context\":\"https:\\\/\\\/schema.org\",\"@graph\":[{\"@type\":\"WebPage\",\"@id\":\"https:\\\/\\\/mariasmolina24.thkit.ee\\\/wp\\\/agiilnemudel\\\/\",\"url\":\"https:\\\/\\\/mariasmolina24.thkit.ee\\\/wp\\\/agiilnemudel\\\/\",\"name\":\"Agiilne mudel - Maria Smolina &Otilde;PIMAPP\\\/ Portfoolio | EST |\",\"isPartOf\":{\"@id\":\"https:\\\/\\\/mariasmolina24.thkit.ee\\\/wp\\\/#website\"},\"primaryImageOfPage\":{\"@id\":\"https:\\\/\\\/mariasmolina24.thkit.ee\\\/wp\\\/agiilnemudel\\\/#primaryimage\"},\"image\":{\"@id\":\"https:\\\/\\\/mariasmolina24.thkit.ee\\\/wp\\\/agiilnemudel\\\/#primaryimage\"},\"thumbnailUrl\":\"https:\\\/\\\/mariasmolina24.thkit.ee\\\/wp\\\/wp-content\\\/uploads\\\/2024\\\/11\\\/image-4.webp\",\"datePublished\":\"2024-11-06T09:01:28+00:00\",\"dateModified\":\"2025-03-21T15:03:37+00:00\",\"description\":\"Agiilne mudel on paindlik tarkvaraarenduse l\u00e4henemisviis, mis r\u00f5hutab koost\u00f6\u00f6d, kiiret kohanemist ja iteratiivset arendust, tagades pideva t\u00e4iustamise\",\"breadcrumb\":{\"@id\":\"https:\\\/\\\/mariasmolina24.thkit.ee\\\/wp\\\/agiilnemudel\\\/#breadcrumb\"},\"inLanguage\":\"et\",\"potentialAction\":[{\"@type\":\"ReadAction\",\"target\":[\"https:\\\/\\\/mariasmolina24.thkit.ee\\\/wp\\\/agiilnemudel\\\/\"]}]},{\"@type\":\"ImageObject\",\"inLanguage\":\"et\",\"@id\":\"https:\\\/\\\/mariasmolina24.thkit.ee\\\/wp\\\/agiilnemudel\\\/#primaryimage\",\"url\":\"https:\\\/\\\/mariasmolina24.thkit.ee\\\/wp\\\/wp-content\\\/uploads\\\/2024\\\/11\\\/image-4.webp\",\"contentUrl\":\"https:\\\/\\\/mariasmolina24.thkit.ee\\\/wp\\\/wp-content\\\/uploads\\\/2024\\\/11\\\/image-4.webp\",\"width\":1024,\"height\":954},{\"@type\":\"BreadcrumbList\",\"@id\":\"https:\\\/\\\/mariasmolina24.thkit.ee\\\/wp\\\/agiilnemudel\\\/#breadcrumb\",\"itemListElement\":[{\"@type\":\"ListItem\",\"position\":1,\"name\":\"\u0413\u043b\u0430\u0432\u043d\u0430\u044f \u0441\u0442\u0440\u0430\u043d\u0438\u0446\u0430\",\"item\":\"https:\\\/\\\/mariasmolina24.thkit.ee\\\/wp\\\/\"},{\"@type\":\"ListItem\",\"position\":2,\"name\":\"Agiilne mudel\"}]},{\"@type\":\"WebSite\",\"@id\":\"https:\\\/\\\/mariasmolina24.thkit.ee\\\/wp\\\/#website\",\"url\":\"https:\\\/\\\/mariasmolina24.thkit.ee\\\/wp\\\/\",\"name\":\"Maria Smolina \u00d5PIMAPP\\\/ Portfoolio | EST |\",\"description\":\"Noorem Tarkvaraarendaja eriala\",\"publisher\":{\"@id\":\"https:\\\/\\\/mariasmolina24.thkit.ee\\\/wp\\\/#organization\"},\"potentialAction\":[{\"@type\":\"SearchAction\",\"target\":{\"@type\":\"EntryPoint\",\"urlTemplate\":\"https:\\\/\\\/mariasmolina24.thkit.ee\\\/wp\\\/?s={search_term_string}\"},\"query-input\":{\"@type\":\"PropertyValueSpecification\",\"valueRequired\":true,\"valueName\":\"search_term_string\"}}],\"inLanguage\":\"et\"},{\"@type\":\"Organization\",\"@id\":\"https:\\\/\\\/mariasmolina24.thkit.ee\\\/wp\\\/#organization\",\"name\":\"Maria Smolina \u00d5PIMAPP\\\/ Portfoolio | EST |\",\"url\":\"https:\\\/\\\/mariasmolina24.thkit.ee\\\/wp\\\/\",\"logo\":{\"@type\":\"ImageObject\",\"inLanguage\":\"et\",\"@id\":\"https:\\\/\\\/mariasmolina24.thkit.ee\\\/wp\\\/#\\\/schema\\\/logo\\\/image\\\/\",\"url\":\"https:\\\/\\\/mariasmolina24.thkit.ee\\\/wp\\\/wp-content\\\/uploads\\\/2024\\\/11\\\/cropped-cropped-cropped-logo.png\",\"contentUrl\":\"https:\\\/\\\/mariasmolina24.thkit.ee\\\/wp\\\/wp-content\\\/uploads\\\/2024\\\/11\\\/cropped-cropped-cropped-logo.png\",\"width\":373,\"height\":373,\"caption\":\"Maria Smolina \u00d5PIMAPP\\\/ Portfoolio | EST |\"},\"image\":{\"@id\":\"https:\\\/\\\/mariasmolina24.thkit.ee\\\/wp\\\/#\\\/schema\\\/logo\\\/image\\\/\"}}]}<\/script>\n<!-- \/ Yoast SEO plugin. -->","yoast_head_json":{"title":"Agiilne mudel - Maria Smolina &Otilde;PIMAPP\/ Portfoolio | EST |","description":"Agiilne mudel on paindlik tarkvaraarenduse l\u00e4henemisviis, mis r\u00f5hutab koost\u00f6\u00f6d, kiiret kohanemist ja iteratiivset arendust, tagades pideva t\u00e4iustamise","robots":{"index":"index","follow":"follow","max-snippet":"max-snippet:-1","max-image-preview":"max-image-preview:large","max-video-preview":"max-video-preview:-1"},"canonical":"https:\/\/mariasmolina24.thkit.ee\/wp\/agiilnemudel\/","og_locale":"et_EE","og_type":"article","og_title":"Agiilne mudel - Maria Smolina &Otilde;PIMAPP\/ Portfoolio | EST |","og_description":"Agiilne mudel on paindlik tarkvaraarenduse l\u00e4henemisviis, mis r\u00f5hutab koost\u00f6\u00f6d, kiiret kohanemist ja iteratiivset arendust, tagades pideva t\u00e4iustamise","og_url":"https:\/\/mariasmolina24.thkit.ee\/wp\/agiilnemudel\/","og_site_name":"Maria Smolina &Otilde;PIMAPP\/ Portfoolio | EST |","article_modified_time":"2025-03-21T15:03:37+00:00","og_image":[{"width":1024,"height":954,"url":"https:\/\/mariasmolina24.thkit.ee\/wp\/wp-content\/uploads\/2024\/11\/image-4.webp","type":"image\/webp"}],"twitter_card":"summary_large_image","twitter_misc":{"Est. reading time":"3 minutit"},"schema":{"@context":"https:\/\/schema.org","@graph":[{"@type":"WebPage","@id":"https:\/\/mariasmolina24.thkit.ee\/wp\/agiilnemudel\/","url":"https:\/\/mariasmolina24.thkit.ee\/wp\/agiilnemudel\/","name":"Agiilne mudel - Maria Smolina &Otilde;PIMAPP\/ Portfoolio | EST |","isPartOf":{"@id":"https:\/\/mariasmolina24.thkit.ee\/wp\/#website"},"primaryImageOfPage":{"@id":"https:\/\/mariasmolina24.thkit.ee\/wp\/agiilnemudel\/#primaryimage"},"image":{"@id":"https:\/\/mariasmolina24.thkit.ee\/wp\/agiilnemudel\/#primaryimage"},"thumbnailUrl":"https:\/\/mariasmolina24.thkit.ee\/wp\/wp-content\/uploads\/2024\/11\/image-4.webp","datePublished":"2024-11-06T09:01:28+00:00","dateModified":"2025-03-21T15:03:37+00:00","description":"Agiilne mudel on paindlik tarkvaraarenduse l\u00e4henemisviis, mis r\u00f5hutab koost\u00f6\u00f6d, kiiret kohanemist ja iteratiivset arendust, tagades pideva t\u00e4iustamise","breadcrumb":{"@id":"https:\/\/mariasmolina24.thkit.ee\/wp\/agiilnemudel\/#breadcrumb"},"inLanguage":"et","potentialAction":[{"@type":"ReadAction","target":["https:\/\/mariasmolina24.thkit.ee\/wp\/agiilnemudel\/"]}]},{"@type":"ImageObject","inLanguage":"et","@id":"https:\/\/mariasmolina24.thkit.ee\/wp\/agiilnemudel\/#primaryimage","url":"https:\/\/mariasmolina24.thkit.ee\/wp\/wp-content\/uploads\/2024\/11\/image-4.webp","contentUrl":"https:\/\/mariasmolina24.thkit.ee\/wp\/wp-content\/uploads\/2024\/11\/image-4.webp","width":1024,"height":954},{"@type":"BreadcrumbList","@id":"https:\/\/mariasmolina24.thkit.ee\/wp\/agiilnemudel\/#breadcrumb","itemListElement":[{"@type":"ListItem","position":1,"name":"\u0413\u043b\u0430\u0432\u043d\u0430\u044f \u0441\u0442\u0440\u0430\u043d\u0438\u0446\u0430","item":"https:\/\/mariasmolina24.thkit.ee\/wp\/"},{"@type":"ListItem","position":2,"name":"Agiilne mudel"}]},{"@type":"WebSite","@id":"https:\/\/mariasmolina24.thkit.ee\/wp\/#website","url":"https:\/\/mariasmolina24.thkit.ee\/wp\/","name":"Maria Smolina \u00d5PIMAPP\/ Portfoolio | EST |","description":"Noorem Tarkvaraarendaja eriala","publisher":{"@id":"https:\/\/mariasmolina24.thkit.ee\/wp\/#organization"},"potentialAction":[{"@type":"SearchAction","target":{"@type":"EntryPoint","urlTemplate":"https:\/\/mariasmolina24.thkit.ee\/wp\/?s={search_term_string}"},"query-input":{"@type":"PropertyValueSpecification","valueRequired":true,"valueName":"search_term_string"}}],"inLanguage":"et"},{"@type":"Organization","@id":"https:\/\/mariasmolina24.thkit.ee\/wp\/#organization","name":"Maria Smolina \u00d5PIMAPP\/ Portfoolio | EST |","url":"https:\/\/mariasmolina24.thkit.ee\/wp\/","logo":{"@type":"ImageObject","inLanguage":"et","@id":"https:\/\/mariasmolina24.thkit.ee\/wp\/#\/schema\/logo\/image\/","url":"https:\/\/mariasmolina24.thkit.ee\/wp\/wp-content\/uploads\/2024\/11\/cropped-cropped-cropped-logo.png","contentUrl":"https:\/\/mariasmolina24.thkit.ee\/wp\/wp-content\/uploads\/2024\/11\/cropped-cropped-cropped-logo.png","width":373,"height":373,"caption":"Maria Smolina \u00d5PIMAPP\/ Portfoolio | EST |"},"image":{"@id":"https:\/\/mariasmolina24.thkit.ee\/wp\/#\/schema\/logo\/image\/"}}]}},"_links":{"self":[{"href":"https:\/\/mariasmolina24.thkit.ee\/wp\/wp-json\/wp\/v2\/pages\/446","targetHints":{"allow":["GET"]}}],"collection":[{"href":"https:\/\/mariasmolina24.thkit.ee\/wp\/wp-json\/wp\/v2\/pages"}],"about":[{"href":"https:\/\/mariasmolina24.thkit.ee\/wp\/wp-json\/wp\/v2\/types\/page"}],"author":[{"embeddable":true,"href":"https:\/\/mariasmolina24.thkit.ee\/wp\/wp-json\/wp\/v2\/users\/1"}],"replies":[{"embeddable":true,"href":"https:\/\/mariasmolina24.thkit.ee\/wp\/wp-json\/wp\/v2\/comments?post=446"}],"version-history":[{"count":11,"href":"https:\/\/mariasmolina24.thkit.ee\/wp\/wp-json\/wp\/v2\/pages\/446\/revisions"}],"predecessor-version":[{"id":3735,"href":"https:\/\/mariasmolina24.thkit.ee\/wp\/wp-json\/wp\/v2\/pages\/446\/revisions\/3735"}],"wp:attachment":[{"href":"https:\/\/mariasmolina24.thkit.ee\/wp\/wp-json\/wp\/v2\/media?parent=446"}],"curies":[{"name":"wp","href":"https:\/\/api.w.org\/{rel}","templated":true}]}}