{"id":375,"date":"2024-09-18T09:23:02","date_gmt":"2024-09-18T06:23:02","guid":{"rendered":"https:\/\/mariasmolina.wordpress.com\/?page_id=375"},"modified":"2025-03-21T15:21:13","modified_gmt":"2025-03-21T15:21:13","slug":"avalduse-kirjutamine","status":"publish","type":"page","link":"https:\/\/mariasmolina24.thkit.ee\/wp\/avalduse-kirjutamine\/","title":{"rendered":"Avalduse kirjutamine"},"content":{"rendered":"<div data-colibri-id=\"375-c1\" class=\"style-419 style-local-375-c1 position-relative\">\n  <!----><\/p>\n<div data-colibri-component=\"section\" data-colibri-id=\"375-c2\" id=\"initial-content\" class=\"h-section h-section-global-spacing d-flex align-items-lg-center align-items-md-center align-items-center style-420 style-local-375-c2 position-relative\">\n    <!----><br \/>\n    <!----><\/p>\n<div class=\"h-section-grid-container h-section-boxed-container\">\n      <!----><\/p>\n<div data-colibri-id=\"375-c3\" class=\"h-row-container gutters-row-lg-3 gutters-row-md-3 gutters-row-0 gutters-row-v-lg-3 gutters-row-v-md-3 gutters-row-v-3 style-421 style-local-375-c3 position-relative\">\n        <!----><\/p>\n<div class=\"h-row justify-content-lg-center justify-content-md-center justify-content-center align-items-lg-stretch align-items-md-stretch align-items-stretch gutters-col-lg-3 gutters-col-md-3 gutters-col-0 gutters-col-v-lg-3 gutters-col-v-md-3 gutters-col-v-3\">\n          <!----><\/p>\n<div class=\"h-column h-column-container d-flex h-col-lg-auto h-col-md-auto h-col-auto style-422-outer style-local-375-c4-outer\">\n<div data-colibri-id=\"375-c4\" class=\"d-flex h-flex-basis h-column__inner h-px-lg-3 h-px-md-3 h-px-3 v-inner-lg-3 v-inner-md-3 v-inner-3 style-422 style-local-375-c4 position-relative\">\n              <!----><br \/>\n              <!----><\/p>\n<div class=\"w-100 h-y-container h-column__content h-column__v-align flex-basis-100 align-self-lg-start align-self-md-start align-self-start\">\n                <!----><\/p>\n<div data-colibri-id=\"375-c5\" class=\"style-423 style-local-375-c5 position-relative h-element\">\n                  <!----><\/p>\n<div>\n\n\n<center>\n                      <div class=\"wp-block-file\">\n                        <a href=\"https:\/\/mariasmolina.wordpress.com\/wp-content\/uploads\/2024\/09\/avaldus-maria-smolina-1.docx\" class=\"wp-block-file__button wp-element-button\" download=\"\">Laadi alla<\/a>\n                      <\/div>\n                    <\/center>\n\n\n<div class=\"wp-block-image\">\n<figure class=\"aligncenter size-large is-resized has-custom-border\"><img decoding=\"async\" src=\"https:\/\/mariasmolina.wordpress.com\/wp-content\/uploads\/2024\/09\/avaldus-maria-smolina-1.jpg?w=724\" alt=\"Avalduse kirjutamine\" class=\"has-border-color has-contrast-border-color wp-image-402\" style=\"border-width:1px;width:621px;height:auto\"\/><figcaption class=\"wp-element-caption\"><strong>Avalduse n\u00e4idis<\/strong><\/figcaption><\/figure>\n<\/div>\n\n\n<p class=\"has-text-align-center\"><strong>Teksti kujundamisel kasutame MS WORD \/ LibreOffice<\/strong><\/p>\n\n\n\n<p class=\"has-text-align-center\">\u0414\u043b\u044f \u0440\u0430\u0441\u0442\u044f\u0436\u0435\u043d\u0438\u0435 \u0432\u0432\u0435\u0434\u0435\u043d\u043d\u043e\u0433\u043e \u0442\u0435\u043a\u0441\u0442\u0430 \u043f\u043e \u0432\u0435\u0440\u0442\u0438\u043a\u0430\u043b\u0438\/ \u0434\u043b\u0438\u043d\u0435 \u043b\u0438\u0441\u0442\u0430 \u0438\u0441\u043f\u043e\u043b\u044c\u0437\u0443\u0435\u043c- \u0441\u043c \u043a\u0430\u0440\u0442\u0438\u043d\u043a\u0435<\/p>\n\n\n<div class=\"wp-block-image\">\n<figure class=\"aligncenter size-large\"><img decoding=\"async\" src=\"https:\/\/mariasmolina.wordpress.com\/wp-content\/uploads\/2024\/09\/image-10.png?w=482\" alt=\"Avalduse kirjutamine\" class=\"wp-image-383\"\/><\/figure>\n<\/div>\n\n<\/div><\/div>\n<\/p><\/div>\n<\/p><\/div>\n<\/p><\/div>\n<\/p><\/div>\n<\/p><\/div>\n<\/p><\/div>\n<\/p><\/div>\n<\/div>","protected":false},"excerpt":{"rendered":"<p>Teksti kujundamisel kasutame MS WORD \/ LibreOffice \u0414\u043b\u044f \u0440\u0430\u0441\u0442\u044f\u0436\u0435\u043d\u0438\u0435 \u0432\u0432\u0435\u0434\u0435\u043d\u043d\u043e\u0433\u043e \u0442\u0435\u043a\u0441\u0442\u0430 \u043f\u043e \u0432\u0435\u0440\u0442\u0438\u043a\u0430\u043b\u0438\/ [&hellip;]<\/p>\n","protected":false},"author":1,"featured_media":0,"parent":0,"menu_order":0,"comment_status":"closed","ping_status":"closed","template":"page-templates\/full-width-page.php","meta":{"footnotes":""},"class_list":["post-375","page","type-page","status-publish","hentry"],"yoast_head":"<!-- This site is optimized with the Yoast SEO plugin v27.3 - https:\/\/yoast.com\/product\/yoast-seo-wordpress\/ -->\n<title>Avalduse kirjutamine - Maria Smolina &Otilde;PIMAPP\/ Portfoolio | EST | T\u00e4ielik juhend ja n\u00e4pun\u00e4ited<\/title>\n<meta name=\"description\" content=\"Loo ametlik avaldus Microsoft Wordis. Samm-sammult juhend professionaalse ja korrektselt vormindatud avalduse kirjutamiseks.\" \/>\n<meta name=\"robots\" content=\"index, follow, max-snippet:-1, max-image-preview:large, max-video-preview:-1\" \/>\n<link rel=\"canonical\" href=\"https:\/\/mariasmolina24.thkit.ee\/wp\/avalduse-kirjutamine\/\" \/>\n<meta property=\"og:locale\" content=\"et_EE\" \/>\n<meta property=\"og:type\" content=\"article\" \/>\n<meta property=\"og:title\" content=\"Avalduse kirjutamine - Maria Smolina &Otilde;PIMAPP\/ Portfoolio | EST | T\u00e4ielik juhend ja n\u00e4pun\u00e4ited\" \/>\n<meta property=\"og:description\" content=\"Loo ametlik avaldus Microsoft Wordis. Samm-sammult juhend professionaalse ja korrektselt vormindatud avalduse kirjutamiseks.\" \/>\n<meta property=\"og:url\" content=\"https:\/\/mariasmolina24.thkit.ee\/wp\/avalduse-kirjutamine\/\" \/>\n<meta property=\"og:site_name\" content=\"Maria Smolina &Otilde;PIMAPP\/ Portfoolio | EST |\" \/>\n<meta property=\"article:modified_time\" content=\"2025-03-21T15:21:13+00:00\" \/>\n<meta name=\"twitter:card\" content=\"summary_large_image\" \/>\n<meta name=\"twitter:label1\" content=\"Est. reading time\" \/>\n\t<meta name=\"twitter:data1\" content=\"1 minut\" \/>\n<script type=\"application\/ld+json\" class=\"yoast-schema-graph\">{\"@context\":\"https:\\\/\\\/schema.org\",\"@graph\":[{\"@type\":\"WebPage\",\"@id\":\"https:\\\/\\\/mariasmolina24.thkit.ee\\\/wp\\\/avalduse-kirjutamine\\\/\",\"url\":\"https:\\\/\\\/mariasmolina24.thkit.ee\\\/wp\\\/avalduse-kirjutamine\\\/\",\"name\":\"Avalduse kirjutamine - Maria Smolina &Otilde;PIMAPP\\\/ Portfoolio | EST | T\u00e4ielik juhend ja n\u00e4pun\u00e4ited\",\"isPartOf\":{\"@id\":\"https:\\\/\\\/mariasmolina24.thkit.ee\\\/wp\\\/#website\"},\"primaryImageOfPage\":{\"@id\":\"https:\\\/\\\/mariasmolina24.thkit.ee\\\/wp\\\/avalduse-kirjutamine\\\/#primaryimage\"},\"image\":{\"@id\":\"https:\\\/\\\/mariasmolina24.thkit.ee\\\/wp\\\/avalduse-kirjutamine\\\/#primaryimage\"},\"thumbnailUrl\":\"https:\\\/\\\/mariasmolina.wordpress.com\\\/wp-content\\\/uploads\\\/2024\\\/09\\\/avaldus-maria-smolina-1.jpg?w=724\",\"datePublished\":\"2024-09-18T06:23:02+00:00\",\"dateModified\":\"2025-03-21T15:21:13+00:00\",\"description\":\"Loo ametlik avaldus Microsoft Wordis. Samm-sammult juhend professionaalse ja korrektselt vormindatud avalduse kirjutamiseks.\",\"breadcrumb\":{\"@id\":\"https:\\\/\\\/mariasmolina24.thkit.ee\\\/wp\\\/avalduse-kirjutamine\\\/#breadcrumb\"},\"inLanguage\":\"et\",\"potentialAction\":[{\"@type\":\"ReadAction\",\"target\":[\"https:\\\/\\\/mariasmolina24.thkit.ee\\\/wp\\\/avalduse-kirjutamine\\\/\"]}]},{\"@type\":\"ImageObject\",\"inLanguage\":\"et\",\"@id\":\"https:\\\/\\\/mariasmolina24.thkit.ee\\\/wp\\\/avalduse-kirjutamine\\\/#primaryimage\",\"url\":\"https:\\\/\\\/mariasmolina.wordpress.com\\\/wp-content\\\/uploads\\\/2024\\\/09\\\/avaldus-maria-smolina-1.jpg?w=724\",\"contentUrl\":\"https:\\\/\\\/mariasmolina.wordpress.com\\\/wp-content\\\/uploads\\\/2024\\\/09\\\/avaldus-maria-smolina-1.jpg?w=724\"},{\"@type\":\"BreadcrumbList\",\"@id\":\"https:\\\/\\\/mariasmolina24.thkit.ee\\\/wp\\\/avalduse-kirjutamine\\\/#breadcrumb\",\"itemListElement\":[{\"@type\":\"ListItem\",\"position\":1,\"name\":\"\u0413\u043b\u0430\u0432\u043d\u0430\u044f \u0441\u0442\u0440\u0430\u043d\u0438\u0446\u0430\",\"item\":\"https:\\\/\\\/mariasmolina24.thkit.ee\\\/wp\\\/\"},{\"@type\":\"ListItem\",\"position\":2,\"name\":\"Avalduse kirjutamine\"}]},{\"@type\":\"WebSite\",\"@id\":\"https:\\\/\\\/mariasmolina24.thkit.ee\\\/wp\\\/#website\",\"url\":\"https:\\\/\\\/mariasmolina24.thkit.ee\\\/wp\\\/\",\"name\":\"Maria Smolina \u00d5PIMAPP\\\/ Portfoolio | EST |\",\"description\":\"Noorem Tarkvaraarendaja eriala\",\"publisher\":{\"@id\":\"https:\\\/\\\/mariasmolina24.thkit.ee\\\/wp\\\/#organization\"},\"potentialAction\":[{\"@type\":\"SearchAction\",\"target\":{\"@type\":\"EntryPoint\",\"urlTemplate\":\"https:\\\/\\\/mariasmolina24.thkit.ee\\\/wp\\\/?s={search_term_string}\"},\"query-input\":{\"@type\":\"PropertyValueSpecification\",\"valueRequired\":true,\"valueName\":\"search_term_string\"}}],\"inLanguage\":\"et\"},{\"@type\":\"Organization\",\"@id\":\"https:\\\/\\\/mariasmolina24.thkit.ee\\\/wp\\\/#organization\",\"name\":\"Maria Smolina \u00d5PIMAPP\\\/ Portfoolio | EST |\",\"url\":\"https:\\\/\\\/mariasmolina24.thkit.ee\\\/wp\\\/\",\"logo\":{\"@type\":\"ImageObject\",\"inLanguage\":\"et\",\"@id\":\"https:\\\/\\\/mariasmolina24.thkit.ee\\\/wp\\\/#\\\/schema\\\/logo\\\/image\\\/\",\"url\":\"https:\\\/\\\/mariasmolina24.thkit.ee\\\/wp\\\/wp-content\\\/uploads\\\/2024\\\/11\\\/cropped-cropped-cropped-logo.png\",\"contentUrl\":\"https:\\\/\\\/mariasmolina24.thkit.ee\\\/wp\\\/wp-content\\\/uploads\\\/2024\\\/11\\\/cropped-cropped-cropped-logo.png\",\"width\":373,\"height\":373,\"caption\":\"Maria Smolina \u00d5PIMAPP\\\/ Portfoolio | EST |\"},\"image\":{\"@id\":\"https:\\\/\\\/mariasmolina24.thkit.ee\\\/wp\\\/#\\\/schema\\\/logo\\\/image\\\/\"}}]}<\/script>\n<!-- \/ Yoast SEO plugin. -->","yoast_head_json":{"title":"Avalduse kirjutamine - Maria Smolina &Otilde;PIMAPP\/ Portfoolio | EST | T\u00e4ielik juhend ja n\u00e4pun\u00e4ited","description":"Loo ametlik avaldus Microsoft Wordis. Samm-sammult juhend professionaalse ja korrektselt vormindatud avalduse kirjutamiseks.","robots":{"index":"index","follow":"follow","max-snippet":"max-snippet:-1","max-image-preview":"max-image-preview:large","max-video-preview":"max-video-preview:-1"},"canonical":"https:\/\/mariasmolina24.thkit.ee\/wp\/avalduse-kirjutamine\/","og_locale":"et_EE","og_type":"article","og_title":"Avalduse kirjutamine - Maria Smolina &Otilde;PIMAPP\/ Portfoolio | EST | T\u00e4ielik juhend ja n\u00e4pun\u00e4ited","og_description":"Loo ametlik avaldus Microsoft Wordis. Samm-sammult juhend professionaalse ja korrektselt vormindatud avalduse kirjutamiseks.","og_url":"https:\/\/mariasmolina24.thkit.ee\/wp\/avalduse-kirjutamine\/","og_site_name":"Maria Smolina &Otilde;PIMAPP\/ Portfoolio | EST |","article_modified_time":"2025-03-21T15:21:13+00:00","twitter_card":"summary_large_image","twitter_misc":{"Est. reading time":"1 minut"},"schema":{"@context":"https:\/\/schema.org","@graph":[{"@type":"WebPage","@id":"https:\/\/mariasmolina24.thkit.ee\/wp\/avalduse-kirjutamine\/","url":"https:\/\/mariasmolina24.thkit.ee\/wp\/avalduse-kirjutamine\/","name":"Avalduse kirjutamine - Maria Smolina &Otilde;PIMAPP\/ Portfoolio | EST | T\u00e4ielik juhend ja n\u00e4pun\u00e4ited","isPartOf":{"@id":"https:\/\/mariasmolina24.thkit.ee\/wp\/#website"},"primaryImageOfPage":{"@id":"https:\/\/mariasmolina24.thkit.ee\/wp\/avalduse-kirjutamine\/#primaryimage"},"image":{"@id":"https:\/\/mariasmolina24.thkit.ee\/wp\/avalduse-kirjutamine\/#primaryimage"},"thumbnailUrl":"https:\/\/mariasmolina.wordpress.com\/wp-content\/uploads\/2024\/09\/avaldus-maria-smolina-1.jpg?w=724","datePublished":"2024-09-18T06:23:02+00:00","dateModified":"2025-03-21T15:21:13+00:00","description":"Loo ametlik avaldus Microsoft Wordis. Samm-sammult juhend professionaalse ja korrektselt vormindatud avalduse kirjutamiseks.","breadcrumb":{"@id":"https:\/\/mariasmolina24.thkit.ee\/wp\/avalduse-kirjutamine\/#breadcrumb"},"inLanguage":"et","potentialAction":[{"@type":"ReadAction","target":["https:\/\/mariasmolina24.thkit.ee\/wp\/avalduse-kirjutamine\/"]}]},{"@type":"ImageObject","inLanguage":"et","@id":"https:\/\/mariasmolina24.thkit.ee\/wp\/avalduse-kirjutamine\/#primaryimage","url":"https:\/\/mariasmolina.wordpress.com\/wp-content\/uploads\/2024\/09\/avaldus-maria-smolina-1.jpg?w=724","contentUrl":"https:\/\/mariasmolina.wordpress.com\/wp-content\/uploads\/2024\/09\/avaldus-maria-smolina-1.jpg?w=724"},{"@type":"BreadcrumbList","@id":"https:\/\/mariasmolina24.thkit.ee\/wp\/avalduse-kirjutamine\/#breadcrumb","itemListElement":[{"@type":"ListItem","position":1,"name":"\u0413\u043b\u0430\u0432\u043d\u0430\u044f \u0441\u0442\u0440\u0430\u043d\u0438\u0446\u0430","item":"https:\/\/mariasmolina24.thkit.ee\/wp\/"},{"@type":"ListItem","position":2,"name":"Avalduse kirjutamine"}]},{"@type":"WebSite","@id":"https:\/\/mariasmolina24.thkit.ee\/wp\/#website","url":"https:\/\/mariasmolina24.thkit.ee\/wp\/","name":"Maria Smolina \u00d5PIMAPP\/ Portfoolio | EST |","description":"Noorem Tarkvaraarendaja eriala","publisher":{"@id":"https:\/\/mariasmolina24.thkit.ee\/wp\/#organization"},"potentialAction":[{"@type":"SearchAction","target":{"@type":"EntryPoint","urlTemplate":"https:\/\/mariasmolina24.thkit.ee\/wp\/?s={search_term_string}"},"query-input":{"@type":"PropertyValueSpecification","valueRequired":true,"valueName":"search_term_string"}}],"inLanguage":"et"},{"@type":"Organization","@id":"https:\/\/mariasmolina24.thkit.ee\/wp\/#organization","name":"Maria Smolina \u00d5PIMAPP\/ Portfoolio | EST |","url":"https:\/\/mariasmolina24.thkit.ee\/wp\/","logo":{"@type":"ImageObject","inLanguage":"et","@id":"https:\/\/mariasmolina24.thkit.ee\/wp\/#\/schema\/logo\/image\/","url":"https:\/\/mariasmolina24.thkit.ee\/wp\/wp-content\/uploads\/2024\/11\/cropped-cropped-cropped-logo.png","contentUrl":"https:\/\/mariasmolina24.thkit.ee\/wp\/wp-content\/uploads\/2024\/11\/cropped-cropped-cropped-logo.png","width":373,"height":373,"caption":"Maria Smolina \u00d5PIMAPP\/ Portfoolio | EST |"},"image":{"@id":"https:\/\/mariasmolina24.thkit.ee\/wp\/#\/schema\/logo\/image\/"}}]}},"_links":{"self":[{"href":"https:\/\/mariasmolina24.thkit.ee\/wp\/wp-json\/wp\/v2\/pages\/375","targetHints":{"allow":["GET"]}}],"collection":[{"href":"https:\/\/mariasmolina24.thkit.ee\/wp\/wp-json\/wp\/v2\/pages"}],"about":[{"href":"https:\/\/mariasmolina24.thkit.ee\/wp\/wp-json\/wp\/v2\/types\/page"}],"author":[{"embeddable":true,"href":"https:\/\/mariasmolina24.thkit.ee\/wp\/wp-json\/wp\/v2\/users\/1"}],"replies":[{"embeddable":true,"href":"https:\/\/mariasmolina24.thkit.ee\/wp\/wp-json\/wp\/v2\/comments?post=375"}],"version-history":[{"count":15,"href":"https:\/\/mariasmolina24.thkit.ee\/wp\/wp-json\/wp\/v2\/pages\/375\/revisions"}],"predecessor-version":[{"id":3783,"href":"https:\/\/mariasmolina24.thkit.ee\/wp\/wp-json\/wp\/v2\/pages\/375\/revisions\/3783"}],"wp:attachment":[{"href":"https:\/\/mariasmolina24.thkit.ee\/wp\/wp-json\/wp\/v2\/media?parent=375"}],"curies":[{"name":"wp","href":"https:\/\/api.w.org\/{rel}","templated":true}]}}