{"id":362,"date":"2024-09-11T10:40:51","date_gmt":"2024-09-11T07:40:51","guid":{"rendered":"https:\/\/mariasmolina.wordpress.com\/?page_id=362"},"modified":"2025-03-21T19:07:28","modified_gmt":"2025-03-21T19:07:28","slug":"it-firmad","status":"publish","type":"page","link":"https:\/\/mariasmolina24.thkit.ee\/wp\/it-firmad\/","title":{"rendered":"IT firmad"},"content":{"rendered":"\n<h2 class=\"wp-block-heading has-text-align-center\"><strong>Playtech \u2013 juhtiv online-hasartm\u00e4ngude tehnoloogiaettev\u00f5te Eestis<\/strong><\/h2>\n\n\n\n<div class=\"wp-block-media-text is-stacked-on-mobile\" style=\"border-style:none;border-width:0px;margin-top:-10px;margin-bottom:-10px;padding-top:0px;padding-bottom:0px;grid-template-columns:34% auto\"><figure class=\"wp-block-media-text__media\"><img decoding=\"async\" src=\"https:\/\/mariasmolina.wordpress.com\/wp-content\/uploads\/2024\/09\/playtech-logo-2.png?w=750\" alt=\"Playtech\" class=\"wp-image-366 size-full\"\/><\/figure><div class=\"wp-block-media-text__content\">\n<p class=\"has-colibri-color-5-background-color has-background\"><strong><a href=\"https:\/\/www.playtech.com\/\">Playtech<\/a><\/strong> on maailma juhtiv online-hasartm\u00e4ngude platvormide, sisu ja teenuste pakkuja. Ettev\u00f5tte eesm\u00e4rk on pakkuda innovaatilisi ja kvaliteetseid lahendusi, mis loovad turvalise ja kaasahaarava m\u00e4ngukeskkonna. <strong><a href=\"https:\/\/www.playtech.com\/\">Playtech Eesti<\/a><\/strong> on kontserni oluline osa, arendades maailmatasemel tarkvara ja pakkudes mitmekesiseid tehnoloogilisi lahendusi.<\/p>\n\n\n\n<div class=\"wp-block-buttons is-content-justification-left is-layout-flex wp-container-core-buttons-is-layout-fdcfc74e wp-block-buttons-is-layout-flex\">\n<div class=\"wp-block-button\"><a class=\"wp-block-button__link wp-element-button\" href=\"https:\/\/docs.google.com\/forms\/d\/e\/1FAIpQLScwQSXUNQo4-dYViyzMzwTCXXDJ-nP9dz6sPvavV7ztXuHu9A\/viewform\">K\u00fcsimustik<\/a><\/div>\n<\/div>\n<\/div><\/div>\n\n\n\n<h3 class=\"wp-block-heading\"><strong>T\u00f6\u00f6tajate arv ja asukohad<\/strong><\/h3>\n\n\n\n<p>Playtechis t\u00f6\u00f6tab <strong>Eestis 677<\/strong> ja \u00fcle maailma <strong>7,700<\/strong> spetsialisti. Eesti kontorid asuvad <strong>Tallinnas ja Tartus<\/strong>, kuid ettev\u00f5te tegutseb ka <strong>18 riigis<\/strong>, pakkudes tuge ja lahendusi klientidele \u00fcle maailma.<\/p>\n\n\n\n<h3 class=\"wp-block-heading\"><strong>Ametikohad ja spetsialistid<\/strong><\/h3>\n\n\n\n<p>Playtech Eesti pakub t\u00f6\u00f6v\u00f5imalusi paljudele tehnoloogia- ja \u00e4rivaldkonna spetsialistidele. Meeskonnas t\u00f6\u00f6tavad:<\/p>\n\n\n\n<ul style=\"margin-top:var(--wp--preset--spacing--40);margin-bottom:var(--wp--preset--spacing--40)\" class=\"wp-block-list\">\n<li>Tarkvaraarendajad (backend, frontend, full-stack)<\/li>\n\n\n\n<li>DevOps insenerid<\/li>\n\n\n\n<li>Testijad<\/li>\n\n\n\n<li>Andmeanal\u00fc\u00fctikud<\/li>\n\n\n\n<li>K\u00fcberjulgeoleku spetsialistid<\/li>\n\n\n\n<li>UX\/UI disainerid<\/li>\n\n\n\n<li>Tootejuhid<\/li>\n\n\n\n<li>Klienditoe spetsialistid ja regulatsiooni juristid<\/li>\n<\/ul>\n\n\n\n<h3 class=\"wp-block-heading\"><strong>Kasutatavad tehnoloogiad ja tarkvara<\/strong><\/h3>\n\n\n\n<ul class=\"wp-block-list\">\n<li><strong>Programmeerimiskeeled<\/strong>: C#, Java, SQL, Scala <\/li>\n\n\n\n<li><strong>Teenused<\/strong>: m\u00e4ngude ja sisu arendamine, teenuste haldus, \u00e4rilahenduste loomine <\/li>\n\n\n\n<li><strong>Innovatsioon<\/strong>: tehisintellekt, automatiseeritud testimine, pilvetehnoloogiad<\/li>\n<\/ul>\n\n\n\n<h3 class=\"wp-block-heading\"><strong>Playtechi ajalugu ja areng<\/strong><\/h3>\n\n\n\n<p>Playtech asutati <strong>1999. aastal Eestis<\/strong> ja on sellest ajast alates kasvanud \u00fcheks juhtivaks hasartm\u00e4ngulahenduste pakkujaks maailmas. <strong>2006. aastal<\/strong> sisenes ettev\u00f5te Londoni b\u00f6rsile, mis kiirendas kasvu ja v\u00f5imaldas rahvusvahelist laienemist. <strong>2010\u20132020 aastatel<\/strong> laiendas Playtech oma tooteportfelli, h\u00f5lmates kasiino-, pokkeri- ja bingolahendusi ning s\u00f5lmis olulisi partnerlussuhteid, et kindlustada oma positsiooni turul. T\u00e4na on <strong>Playtech<\/strong> \u00fcks suurimaid tegijaid hasartm\u00e4ngusektoris, pakkudes terviklikke platvorme ja teenuseid, mis aitavad ettev\u00f5tetel edukalt tegutseda.<\/p>\n","protected":false},"excerpt":{"rendered":"<p>Playtech \u2013 juhtiv online-hasartm\u00e4ngude tehnoloogiaettev\u00f5te Eestis T\u00f6\u00f6tajate arv ja asukohad Playtechis t\u00f6\u00f6tab Eestis [&hellip;]<\/p>\n","protected":false},"author":1,"featured_media":0,"parent":0,"menu_order":0,"comment_status":"closed","ping_status":"closed","template":"","meta":{"footnotes":""},"class_list":["post-362","page","type-page","status-publish","hentry"],"yoast_head":"<!-- This site is optimized with the Yoast SEO plugin v27.3 - https:\/\/yoast.com\/product\/yoast-seo-wordpress\/ -->\n<title>IT firmad - Maria Smolina &Otilde;PIMAPP\/ Portfoolio | EST | Juhtiv online-m\u00e4ngude tehnoloogiaettev\u00f5te ja t\u00f6\u00f6andja<\/title>\n<meta name=\"description\" content=\"Playtech Eesti on juhtiv online-m\u00e4ngut\u00f6\u00f6stuse tehnoloogiaettev\u00f5te. Vaata, kuidas me arendame innovaatilisi lahendusi ja loome uusi t\u00f6\u00f6kohti!\" \/>\n<meta name=\"robots\" content=\"index, follow, max-snippet:-1, max-image-preview:large, max-video-preview:-1\" \/>\n<link rel=\"canonical\" href=\"https:\/\/mariasmolina24.thkit.ee\/wp\/it-firmad\/\" \/>\n<meta property=\"og:locale\" content=\"et_EE\" \/>\n<meta property=\"og:type\" content=\"article\" \/>\n<meta property=\"og:title\" content=\"IT firmad - Maria Smolina &Otilde;PIMAPP\/ Portfoolio | EST | Juhtiv online-m\u00e4ngude tehnoloogiaettev\u00f5te ja t\u00f6\u00f6andja\" \/>\n<meta property=\"og:description\" content=\"Playtech Eesti on juhtiv online-m\u00e4ngut\u00f6\u00f6stuse tehnoloogiaettev\u00f5te. Vaata, kuidas me arendame innovaatilisi lahendusi ja loome uusi t\u00f6\u00f6kohti!\" \/>\n<meta property=\"og:url\" content=\"https:\/\/mariasmolina24.thkit.ee\/wp\/it-firmad\/\" \/>\n<meta property=\"og:site_name\" content=\"Maria Smolina &Otilde;PIMAPP\/ Portfoolio | EST |\" \/>\n<meta property=\"article:modified_time\" content=\"2025-03-21T19:07:28+00:00\" \/>\n<meta name=\"twitter:card\" content=\"summary_large_image\" \/>\n<meta name=\"twitter:label1\" content=\"Est. reading time\" \/>\n\t<meta name=\"twitter:data1\" content=\"2 minutit\" \/>\n<script type=\"application\/ld+json\" class=\"yoast-schema-graph\">{\"@context\":\"https:\\\/\\\/schema.org\",\"@graph\":[{\"@type\":\"WebPage\",\"@id\":\"https:\\\/\\\/mariasmolina24.thkit.ee\\\/wp\\\/it-firmad\\\/\",\"url\":\"https:\\\/\\\/mariasmolina24.thkit.ee\\\/wp\\\/it-firmad\\\/\",\"name\":\"IT firmad - Maria Smolina &Otilde;PIMAPP\\\/ Portfoolio | EST | Juhtiv online-m\u00e4ngude tehnoloogiaettev\u00f5te ja t\u00f6\u00f6andja\",\"isPartOf\":{\"@id\":\"https:\\\/\\\/mariasmolina24.thkit.ee\\\/wp\\\/#website\"},\"primaryImageOfPage\":{\"@id\":\"https:\\\/\\\/mariasmolina24.thkit.ee\\\/wp\\\/it-firmad\\\/#primaryimage\"},\"image\":{\"@id\":\"https:\\\/\\\/mariasmolina24.thkit.ee\\\/wp\\\/it-firmad\\\/#primaryimage\"},\"thumbnailUrl\":\"https:\\\/\\\/mariasmolina.wordpress.com\\\/wp-content\\\/uploads\\\/2024\\\/09\\\/playtech-logo-2.png?w=750\",\"datePublished\":\"2024-09-11T07:40:51+00:00\",\"dateModified\":\"2025-03-21T19:07:28+00:00\",\"description\":\"Playtech Eesti on juhtiv online-m\u00e4ngut\u00f6\u00f6stuse tehnoloogiaettev\u00f5te. Vaata, kuidas me arendame innovaatilisi lahendusi ja loome uusi t\u00f6\u00f6kohti!\",\"breadcrumb\":{\"@id\":\"https:\\\/\\\/mariasmolina24.thkit.ee\\\/wp\\\/it-firmad\\\/#breadcrumb\"},\"inLanguage\":\"et\",\"potentialAction\":[{\"@type\":\"ReadAction\",\"target\":[\"https:\\\/\\\/mariasmolina24.thkit.ee\\\/wp\\\/it-firmad\\\/\"]}]},{\"@type\":\"ImageObject\",\"inLanguage\":\"et\",\"@id\":\"https:\\\/\\\/mariasmolina24.thkit.ee\\\/wp\\\/it-firmad\\\/#primaryimage\",\"url\":\"https:\\\/\\\/mariasmolina.wordpress.com\\\/wp-content\\\/uploads\\\/2024\\\/09\\\/playtech-logo-2.png?w=750\",\"contentUrl\":\"https:\\\/\\\/mariasmolina.wordpress.com\\\/wp-content\\\/uploads\\\/2024\\\/09\\\/playtech-logo-2.png?w=750\"},{\"@type\":\"BreadcrumbList\",\"@id\":\"https:\\\/\\\/mariasmolina24.thkit.ee\\\/wp\\\/it-firmad\\\/#breadcrumb\",\"itemListElement\":[{\"@type\":\"ListItem\",\"position\":1,\"name\":\"\u0413\u043b\u0430\u0432\u043d\u0430\u044f \u0441\u0442\u0440\u0430\u043d\u0438\u0446\u0430\",\"item\":\"https:\\\/\\\/mariasmolina24.thkit.ee\\\/wp\\\/\"},{\"@type\":\"ListItem\",\"position\":2,\"name\":\"IT firmad\"}]},{\"@type\":\"WebSite\",\"@id\":\"https:\\\/\\\/mariasmolina24.thkit.ee\\\/wp\\\/#website\",\"url\":\"https:\\\/\\\/mariasmolina24.thkit.ee\\\/wp\\\/\",\"name\":\"Maria Smolina \u00d5PIMAPP\\\/ Portfoolio | EST |\",\"description\":\"Noorem Tarkvaraarendaja eriala\",\"publisher\":{\"@id\":\"https:\\\/\\\/mariasmolina24.thkit.ee\\\/wp\\\/#organization\"},\"potentialAction\":[{\"@type\":\"SearchAction\",\"target\":{\"@type\":\"EntryPoint\",\"urlTemplate\":\"https:\\\/\\\/mariasmolina24.thkit.ee\\\/wp\\\/?s={search_term_string}\"},\"query-input\":{\"@type\":\"PropertyValueSpecification\",\"valueRequired\":true,\"valueName\":\"search_term_string\"}}],\"inLanguage\":\"et\"},{\"@type\":\"Organization\",\"@id\":\"https:\\\/\\\/mariasmolina24.thkit.ee\\\/wp\\\/#organization\",\"name\":\"Maria Smolina \u00d5PIMAPP\\\/ Portfoolio | EST |\",\"url\":\"https:\\\/\\\/mariasmolina24.thkit.ee\\\/wp\\\/\",\"logo\":{\"@type\":\"ImageObject\",\"inLanguage\":\"et\",\"@id\":\"https:\\\/\\\/mariasmolina24.thkit.ee\\\/wp\\\/#\\\/schema\\\/logo\\\/image\\\/\",\"url\":\"https:\\\/\\\/mariasmolina24.thkit.ee\\\/wp\\\/wp-content\\\/uploads\\\/2024\\\/11\\\/cropped-cropped-cropped-logo.png\",\"contentUrl\":\"https:\\\/\\\/mariasmolina24.thkit.ee\\\/wp\\\/wp-content\\\/uploads\\\/2024\\\/11\\\/cropped-cropped-cropped-logo.png\",\"width\":373,\"height\":373,\"caption\":\"Maria Smolina \u00d5PIMAPP\\\/ Portfoolio | EST |\"},\"image\":{\"@id\":\"https:\\\/\\\/mariasmolina24.thkit.ee\\\/wp\\\/#\\\/schema\\\/logo\\\/image\\\/\"}}]}<\/script>\n<!-- \/ Yoast SEO plugin. -->","yoast_head_json":{"title":"IT firmad - Maria Smolina &Otilde;PIMAPP\/ Portfoolio | EST | Juhtiv online-m\u00e4ngude tehnoloogiaettev\u00f5te ja t\u00f6\u00f6andja","description":"Playtech Eesti on juhtiv online-m\u00e4ngut\u00f6\u00f6stuse tehnoloogiaettev\u00f5te. Vaata, kuidas me arendame innovaatilisi lahendusi ja loome uusi t\u00f6\u00f6kohti!","robots":{"index":"index","follow":"follow","max-snippet":"max-snippet:-1","max-image-preview":"max-image-preview:large","max-video-preview":"max-video-preview:-1"},"canonical":"https:\/\/mariasmolina24.thkit.ee\/wp\/it-firmad\/","og_locale":"et_EE","og_type":"article","og_title":"IT firmad - Maria Smolina &Otilde;PIMAPP\/ Portfoolio | EST | Juhtiv online-m\u00e4ngude tehnoloogiaettev\u00f5te ja t\u00f6\u00f6andja","og_description":"Playtech Eesti on juhtiv online-m\u00e4ngut\u00f6\u00f6stuse tehnoloogiaettev\u00f5te. Vaata, kuidas me arendame innovaatilisi lahendusi ja loome uusi t\u00f6\u00f6kohti!","og_url":"https:\/\/mariasmolina24.thkit.ee\/wp\/it-firmad\/","og_site_name":"Maria Smolina &Otilde;PIMAPP\/ Portfoolio | EST |","article_modified_time":"2025-03-21T19:07:28+00:00","twitter_card":"summary_large_image","twitter_misc":{"Est. reading time":"2 minutit"},"schema":{"@context":"https:\/\/schema.org","@graph":[{"@type":"WebPage","@id":"https:\/\/mariasmolina24.thkit.ee\/wp\/it-firmad\/","url":"https:\/\/mariasmolina24.thkit.ee\/wp\/it-firmad\/","name":"IT firmad - Maria Smolina &Otilde;PIMAPP\/ Portfoolio | EST | Juhtiv online-m\u00e4ngude tehnoloogiaettev\u00f5te ja t\u00f6\u00f6andja","isPartOf":{"@id":"https:\/\/mariasmolina24.thkit.ee\/wp\/#website"},"primaryImageOfPage":{"@id":"https:\/\/mariasmolina24.thkit.ee\/wp\/it-firmad\/#primaryimage"},"image":{"@id":"https:\/\/mariasmolina24.thkit.ee\/wp\/it-firmad\/#primaryimage"},"thumbnailUrl":"https:\/\/mariasmolina.wordpress.com\/wp-content\/uploads\/2024\/09\/playtech-logo-2.png?w=750","datePublished":"2024-09-11T07:40:51+00:00","dateModified":"2025-03-21T19:07:28+00:00","description":"Playtech Eesti on juhtiv online-m\u00e4ngut\u00f6\u00f6stuse tehnoloogiaettev\u00f5te. Vaata, kuidas me arendame innovaatilisi lahendusi ja loome uusi t\u00f6\u00f6kohti!","breadcrumb":{"@id":"https:\/\/mariasmolina24.thkit.ee\/wp\/it-firmad\/#breadcrumb"},"inLanguage":"et","potentialAction":[{"@type":"ReadAction","target":["https:\/\/mariasmolina24.thkit.ee\/wp\/it-firmad\/"]}]},{"@type":"ImageObject","inLanguage":"et","@id":"https:\/\/mariasmolina24.thkit.ee\/wp\/it-firmad\/#primaryimage","url":"https:\/\/mariasmolina.wordpress.com\/wp-content\/uploads\/2024\/09\/playtech-logo-2.png?w=750","contentUrl":"https:\/\/mariasmolina.wordpress.com\/wp-content\/uploads\/2024\/09\/playtech-logo-2.png?w=750"},{"@type":"BreadcrumbList","@id":"https:\/\/mariasmolina24.thkit.ee\/wp\/it-firmad\/#breadcrumb","itemListElement":[{"@type":"ListItem","position":1,"name":"\u0413\u043b\u0430\u0432\u043d\u0430\u044f \u0441\u0442\u0440\u0430\u043d\u0438\u0446\u0430","item":"https:\/\/mariasmolina24.thkit.ee\/wp\/"},{"@type":"ListItem","position":2,"name":"IT firmad"}]},{"@type":"WebSite","@id":"https:\/\/mariasmolina24.thkit.ee\/wp\/#website","url":"https:\/\/mariasmolina24.thkit.ee\/wp\/","name":"Maria Smolina \u00d5PIMAPP\/ Portfoolio | EST |","description":"Noorem Tarkvaraarendaja eriala","publisher":{"@id":"https:\/\/mariasmolina24.thkit.ee\/wp\/#organization"},"potentialAction":[{"@type":"SearchAction","target":{"@type":"EntryPoint","urlTemplate":"https:\/\/mariasmolina24.thkit.ee\/wp\/?s={search_term_string}"},"query-input":{"@type":"PropertyValueSpecification","valueRequired":true,"valueName":"search_term_string"}}],"inLanguage":"et"},{"@type":"Organization","@id":"https:\/\/mariasmolina24.thkit.ee\/wp\/#organization","name":"Maria Smolina \u00d5PIMAPP\/ Portfoolio | EST |","url":"https:\/\/mariasmolina24.thkit.ee\/wp\/","logo":{"@type":"ImageObject","inLanguage":"et","@id":"https:\/\/mariasmolina24.thkit.ee\/wp\/#\/schema\/logo\/image\/","url":"https:\/\/mariasmolina24.thkit.ee\/wp\/wp-content\/uploads\/2024\/11\/cropped-cropped-cropped-logo.png","contentUrl":"https:\/\/mariasmolina24.thkit.ee\/wp\/wp-content\/uploads\/2024\/11\/cropped-cropped-cropped-logo.png","width":373,"height":373,"caption":"Maria Smolina \u00d5PIMAPP\/ Portfoolio | EST |"},"image":{"@id":"https:\/\/mariasmolina24.thkit.ee\/wp\/#\/schema\/logo\/image\/"}}]}},"_links":{"self":[{"href":"https:\/\/mariasmolina24.thkit.ee\/wp\/wp-json\/wp\/v2\/pages\/362","targetHints":{"allow":["GET"]}}],"collection":[{"href":"https:\/\/mariasmolina24.thkit.ee\/wp\/wp-json\/wp\/v2\/pages"}],"about":[{"href":"https:\/\/mariasmolina24.thkit.ee\/wp\/wp-json\/wp\/v2\/types\/page"}],"author":[{"embeddable":true,"href":"https:\/\/mariasmolina24.thkit.ee\/wp\/wp-json\/wp\/v2\/users\/1"}],"replies":[{"embeddable":true,"href":"https:\/\/mariasmolina24.thkit.ee\/wp\/wp-json\/wp\/v2\/comments?post=362"}],"version-history":[{"count":0,"href":"https:\/\/mariasmolina24.thkit.ee\/wp\/wp-json\/wp\/v2\/pages\/362\/revisions"}],"wp:attachment":[{"href":"https:\/\/mariasmolina24.thkit.ee\/wp\/wp-json\/wp\/v2\/media?parent=362"}],"curies":[{"name":"wp","href":"https:\/\/api.w.org\/{rel}","templated":true}]}}