{"id":2437,"date":"2025-03-17T17:57:50","date_gmt":"2025-03-17T17:57:50","guid":{"rendered":"https:\/\/mariasmolina24.thkit.ee\/wp\/?page_id=2437"},"modified":"2025-03-21T15:02:45","modified_gmt":"2025-03-21T15:02:45","slug":"andmebaasisusteem","status":"publish","type":"page","link":"https:\/\/mariasmolina24.thkit.ee\/wp\/andmebaasisusteem\/","title":{"rendered":"Andmebaasis\u00fcsteem"},"content":{"rendered":"<div data-colibri-id=\"2437-c1\" class=\"style-409 style-local-2437-c1 position-relative\">\n  <!---->\n  <div data-colibri-component=\"section\" data-colibri-id=\"2437-c2\" id=\"initial-content\" class=\"h-section h-section-global-spacing d-flex align-items-lg-center align-items-md-center align-items-center style-410 style-local-2437-c2 position-relative\">\n    <!---->\n    <!---->\n    <div class=\"h-section-grid-container h-section-boxed-container\">\n      <!---->\n      <div data-colibri-id=\"2437-c3\" class=\"h-row-container gutters-row-lg-3 gutters-row-md-3 gutters-row-0 gutters-row-v-lg-3 gutters-row-v-md-3 gutters-row-v-3 style-411 style-local-2437-c3 position-relative\">\n        <!---->\n        <div class=\"h-row justify-content-lg-center justify-content-md-center justify-content-center align-items-lg-stretch align-items-md-stretch align-items-stretch gutters-col-lg-3 gutters-col-md-3 gutters-col-0 gutters-col-v-lg-3 gutters-col-v-md-3 gutters-col-v-3\">\n          <!---->\n          <div class=\"h-column h-column-container d-flex h-col-lg-auto h-col-md-auto h-col-auto style-412-outer style-local-2437-c4-outer\">\n            <div data-colibri-id=\"2437-c4\" class=\"d-flex h-flex-basis h-column__inner h-px-lg-3 h-px-md-3 h-px-3 v-inner-lg-3 v-inner-md-3 v-inner-3 style-412 style-local-2437-c4 position-relative\">\n              <!---->\n              <!---->\n              <div class=\"w-100 h-y-container h-column__content h-column__v-align flex-basis-100 align-self-lg-start align-self-md-start align-self-start\">\n                <!---->\n                <div data-colibri-id=\"2437-c5\" class=\"style-413 style-local-2437-c5 position-relative h-element\">\n                  <!---->\n                  <div>\n                    \n                    <p><strong>Andmebaasis\u00fcsteem (DBS)<\/strong> on tarkvaralahendus, mis v\u00f5imaldab <strong>andmete salvestamist, haldamist ja t\u00f6\u00f6tlemist<\/strong> struktureeritud viisil. See koosneb kolmest p\u00f5hikomponendist:<\/p>\n                    \n\n                    \n                    <ol class=\"wp-block-list\">\n                      \n                      <li><strong>Andmebaas<\/strong> \u2013 koht, kus andmeid hoitakse.<\/li>\n                      \n\n                      \n                      <li><strong>Andmebaasi halduss\u00fcsteem (DBMS)<\/strong> \u2013 tarkvara, mis v\u00f5imaldab kasutajatel andmeid hallata.<\/li>\n                      \n\n                      \n                      <li><strong>Kasutajaliidesed<\/strong> \u2013 t\u00f6\u00f6riistad, mis lihtsustavad andmete p\u00e4ringuid ja muutmist.<\/li>\n                      \n                    <\/ol>\n                    \n\n                    \n                    <p class=\"has-text-align-left\">Andmebaasis\u00fcsteeme kasutatakse laialdaselt <strong>\u00e4ri-, teadus- ja tehnoloogiasektoris<\/strong>. N\u00e4iteks <strong>panganduses, e-kaubanduses, meditsiinis ja pilveteenustes<\/strong>, kus andmete turvaline ja t\u00f5hus haldamine on kriitilise\n                      t\u00e4htsusega.<\/p>\n                    \n\n                    <div class=\"wp-block-image\">\n                    <figure class=\"aligncenter size-large\">\n                      <img loading=\"lazy\" decoding=\"async\" width=\"1024\" height=\"524\" src=\"https:\/\/mariasmolina24.thkit.ee\/wp\/wp-content\/uploads\/2025\/03\/image-130-1024x524.png\" alt=\"Andmebaasis\u00fcsteem\" class=\"wp-image-2565\" srcset=\"https:\/\/mariasmolina24.thkit.ee\/wp\/wp-content\/uploads\/2025\/03\/image-130-1024x524.png 1024w, https:\/\/mariasmolina24.thkit.ee\/wp\/wp-content\/uploads\/2025\/03\/image-130-300x153.png 300w, https:\/\/mariasmolina24.thkit.ee\/wp\/wp-content\/uploads\/2025\/03\/image-130-768x393.png 768w, https:\/\/mariasmolina24.thkit.ee\/wp\/wp-content\/uploads\/2025\/03\/image-130-150x77.png 150w, https:\/\/mariasmolina24.thkit.ee\/wp\/wp-content\/uploads\/2025\/03\/image-130.png 1537w\" sizes=\"auto, (max-width: 1024px) 100vw, 1024px\" \/>\n                    <\/figure>\n                    <\/div>\n\n                    \n                    <h3 class=\"wp-block-heading has-text-align-center\"><strong>Andmebaasis\u00fcsteemi t\u00fc\u00fcbid<\/strong><\/h3>\n                    \n\n                    \n                    <ol class=\"wp-block-list\">\n                      \n                      <li><strong>Relatsioonilised andmebaasid<\/strong>\n                        <br>Relatsioonilised andmebaasid kasutavad tabelip\u00f5hist struktuuri ning SQL-keelt p\u00e4ringute tegemiseks. Tabelid \u00fchendatakse v\u00f5\u00f5rv\u00f5tmete kaudu, mis tagab andmete seoste s\u00e4ilitamise. Need sobivad eriti h\u00e4sti struktureeritud andmete jaoks,\n                        kus andmed on \u00fchtsed ja h\u00e4sti m\u00e4\u00e4ratletud. Populaarsed relatsioonilised andmebaasid on:\n                        \n                        <ul class=\"wp-block-list\">\n                          \n                          <li><strong><a href=\"https:\/\/www.mysql.com\/\">MySQL<\/a><\/strong> \u2013 tasuta ja avatud l\u00e4htekoodiga, laialdaselt kasutatav.<\/li>\n                          \n\n                          \n                          <li><strong><a href=\"https:\/\/www.postgresql.org\/\">PostgreSQL<\/a><\/strong> \u2013 avatud l\u00e4htekoodiga ja laialdaselt kasutatav.<\/li>\n                          \n\n                          \n                          <li><strong><a href=\"https:\/\/www.oracle.com\/database\/\">Oracle Database<\/a><\/strong> \u2013 \u00e4rikasutuses laialdaselt kasutatav, pakub k\u00f5rget sooritust ja turvalisust.<\/li>\n                          \n                        <\/ul>\n                        \n                      <\/li>\n                      \n\n                      \n                      <li><strong>NoSQL-andmebaasid<\/strong>\n                        <br>NoSQL-andmebaasid on m\u00f5eldud mitte-struktureeritud v\u00f5i poolstruktureeritud andmete haldamiseks. Need sobivad h\u00e4sti suurte andmemahtude, n\u00e4iteks veebirakenduste v\u00f5i IoT-seadmete andmete t\u00f6\u00f6tlemiseks. N\u00e4ited:\n                        \n                        <ul class=\"wp-block-list\">\n                          \n                          <li><strong><a href=\"https:\/\/www.mongodb.com\/\">MongoDB<\/a><\/strong> \u2013 dokumentidele p\u00f5hinev andmebaas, mis v\u00f5imaldab andmeid salvestada JSON-formaadis.<\/li>\n                          \n\n                          \n                          <li><strong><a href=\"https:\/\/redis.io\/\">Redis<\/a><\/strong> \u2013 v\u00f5tme-v\u00e4\u00e4rtuse andmebaas, v\u00e4ga kiire, sobib kiiresti muutuva info t\u00f6\u00f6tlemiseks.<\/li>\n                          \n\n                          \n                          <li><strong><a href=\"https:\/\/cassandra.apache.org\/\">Cassandra<\/a><\/strong> \u2013 hajuss\u00fcsteemidele m\u00f5eldud andmebaas, millel on suurep\u00e4rane skaleeritavus ja taluvus.<\/li>\n                          \n                        <\/ul>\n                        \n                      <\/li>\n                      \n                    <\/ol>\n                    \n\n                    \n                    <hr class=\"wp-block-separator aligncenter has-alpha-channel-opacity is-style-wide\">\n                    \n\n                    \n                    <h3 class=\"wp-block-heading has-text-align-center\"><strong>Andmebaasis\u00fcsteemi omadused<\/strong><\/h3>\n                    \n\n                    \n                    <ul class=\"wp-block-list\">\n                      \n                      <li><strong>Andmete terviklikkus ja j\u00e4rjepidevus<\/strong> \u2013 tagab, et andmed ei l\u00e4heks kaotsi ega muutuks valeks.<\/li>\n                      \n\n                      \n                      <li><strong>Turvalisus<\/strong> \u2013 andmetele p\u00e4\u00e4sevad ligi vaid volitatud kasutajad, tagades andmete kaitse.<\/li>\n                      \n\n                      \n                      <li><strong>T\u00f5husus ja skaleeritavus<\/strong> \u2013 suudab hallata suuri andmemahtusid ning kohanduda kasutajate arvu kasvu ja s\u00fcsteemide suurusega.<\/li>\n                      \n                    <\/ul>\n                    \n\n                    \n                    <hr class=\"wp-block-separator aligncenter has-alpha-channel-opacity is-style-wide\">\n                    \n\n                    \n                    <h3 class=\"wp-block-heading has-text-align-center\"><strong>Kasutus ja areng<\/strong><\/h3>\n                    \n\n                    \n                    <p>Andmebaasis\u00fcsteeme kasutatakse k\u00f5ikjal, kus andmete t\u00f5hus haldamine on oluline, nagu n\u00e4iteks <strong>e-kaubandus, finantsteenused, meditsiin, teadusuuringud ja pilveteenused<\/strong>. T\u00e4nu oma usaldusv\u00e4\u00e4rsusele ja efektiivsusele on\n                      andmebaasis\u00fcsteemide areng pidev, mis h\u00f5lmab uusi tehnoloogiaid, mis aitavad t\u00f6\u00f6tleda j\u00e4rjest suuremaid andmemahtusid ja pakkuda paremat turvalisust.<\/p>\n                    \n                  <\/div>\n                <\/div>\n              <\/div>\n            <\/div>\n          <\/div>\n        <\/div>\n      <\/div>\n    <\/div>\n  <\/div>\n<\/div>","protected":false},"excerpt":{"rendered":"<p>Andmebaasis\u00fcsteem (DBS) on tarkvaralahendus, mis v\u00f5imaldab andmete salvestamist, haldamist ja t\u00f6\u00f6tlemist struktureeritud viisil. [&hellip;]<\/p>\n","protected":false},"author":1,"featured_media":0,"parent":0,"menu_order":0,"comment_status":"closed","ping_status":"closed","template":"page-templates\/full-width-page.php","meta":{"footnotes":""},"class_list":["post-2437","page","type-page","status-publish","hentry"],"yoast_head":"<!-- This site is optimized with the Yoast SEO plugin v27.3 - https:\/\/yoast.com\/product\/yoast-seo-wordpress\/ -->\n<title>Andmebaasis\u00fcsteem - Maria Smolina &Otilde;PIMAPP\/ Portfoolio | EST |<\/title>\n<meta name=\"description\" content=\"Andmebaasis\u00fcsteem (DBS) haldab andmeid. T\u00fc\u00fcbid: relatsioonilised (MySQL, PostgreSQL) ja NoSQL (MongoDB, Redis). Tagab terviklikkuse, turvalisuse, t\u00f5hususe.\" \/>\n<meta name=\"robots\" content=\"index, follow, max-snippet:-1, max-image-preview:large, max-video-preview:-1\" \/>\n<link rel=\"canonical\" href=\"https:\/\/mariasmolina24.thkit.ee\/wp\/andmebaasisusteem\/\" \/>\n<meta property=\"og:locale\" content=\"et_EE\" \/>\n<meta property=\"og:type\" content=\"article\" \/>\n<meta property=\"og:title\" content=\"Andmebaasis\u00fcsteem - Maria Smolina &Otilde;PIMAPP\/ Portfoolio | EST |\" \/>\n<meta property=\"og:description\" content=\"Andmebaasis\u00fcsteem (DBS) haldab andmeid. T\u00fc\u00fcbid: relatsioonilised (MySQL, PostgreSQL) ja NoSQL (MongoDB, Redis). Tagab terviklikkuse, turvalisuse, t\u00f5hususe.\" \/>\n<meta property=\"og:url\" content=\"https:\/\/mariasmolina24.thkit.ee\/wp\/andmebaasisusteem\/\" \/>\n<meta property=\"og:site_name\" content=\"Maria Smolina &Otilde;PIMAPP\/ Portfoolio | EST |\" \/>\n<meta property=\"article:modified_time\" content=\"2025-03-21T15:02:45+00:00\" \/>\n<meta property=\"og:image\" content=\"https:\/\/mariasmolina24.thkit.ee\/wp\/wp-content\/uploads\/2025\/03\/image-130.png\" \/>\n\t<meta property=\"og:image:width\" content=\"1537\" \/>\n\t<meta property=\"og:image:height\" content=\"786\" \/>\n\t<meta property=\"og:image:type\" content=\"image\/png\" \/>\n<meta name=\"twitter:card\" content=\"summary_large_image\" \/>\n<meta name=\"twitter:label1\" content=\"Est. reading time\" \/>\n\t<meta name=\"twitter:data1\" content=\"2 minutit\" \/>\n<script type=\"application\/ld+json\" class=\"yoast-schema-graph\">{\"@context\":\"https:\\\/\\\/schema.org\",\"@graph\":[{\"@type\":\"WebPage\",\"@id\":\"https:\\\/\\\/mariasmolina24.thkit.ee\\\/wp\\\/andmebaasisusteem\\\/\",\"url\":\"https:\\\/\\\/mariasmolina24.thkit.ee\\\/wp\\\/andmebaasisusteem\\\/\",\"name\":\"Andmebaasis\u00fcsteem - Maria Smolina &Otilde;PIMAPP\\\/ Portfoolio | EST |\",\"isPartOf\":{\"@id\":\"https:\\\/\\\/mariasmolina24.thkit.ee\\\/wp\\\/#website\"},\"primaryImageOfPage\":{\"@id\":\"https:\\\/\\\/mariasmolina24.thkit.ee\\\/wp\\\/andmebaasisusteem\\\/#primaryimage\"},\"image\":{\"@id\":\"https:\\\/\\\/mariasmolina24.thkit.ee\\\/wp\\\/andmebaasisusteem\\\/#primaryimage\"},\"thumbnailUrl\":\"https:\\\/\\\/mariasmolina24.thkit.ee\\\/wp\\\/wp-content\\\/uploads\\\/2025\\\/03\\\/image-130-1024x524.png\",\"datePublished\":\"2025-03-17T17:57:50+00:00\",\"dateModified\":\"2025-03-21T15:02:45+00:00\",\"description\":\"Andmebaasis\u00fcsteem (DBS) haldab andmeid. T\u00fc\u00fcbid: relatsioonilised (MySQL, PostgreSQL) ja NoSQL (MongoDB, Redis). Tagab terviklikkuse, turvalisuse, t\u00f5hususe.\",\"breadcrumb\":{\"@id\":\"https:\\\/\\\/mariasmolina24.thkit.ee\\\/wp\\\/andmebaasisusteem\\\/#breadcrumb\"},\"inLanguage\":\"et\",\"potentialAction\":[{\"@type\":\"ReadAction\",\"target\":[\"https:\\\/\\\/mariasmolina24.thkit.ee\\\/wp\\\/andmebaasisusteem\\\/\"]}]},{\"@type\":\"ImageObject\",\"inLanguage\":\"et\",\"@id\":\"https:\\\/\\\/mariasmolina24.thkit.ee\\\/wp\\\/andmebaasisusteem\\\/#primaryimage\",\"url\":\"https:\\\/\\\/mariasmolina24.thkit.ee\\\/wp\\\/wp-content\\\/uploads\\\/2025\\\/03\\\/image-130.png\",\"contentUrl\":\"https:\\\/\\\/mariasmolina24.thkit.ee\\\/wp\\\/wp-content\\\/uploads\\\/2025\\\/03\\\/image-130.png\",\"width\":1537,\"height\":786},{\"@type\":\"BreadcrumbList\",\"@id\":\"https:\\\/\\\/mariasmolina24.thkit.ee\\\/wp\\\/andmebaasisusteem\\\/#breadcrumb\",\"itemListElement\":[{\"@type\":\"ListItem\",\"position\":1,\"name\":\"\u0413\u043b\u0430\u0432\u043d\u0430\u044f \u0441\u0442\u0440\u0430\u043d\u0438\u0446\u0430\",\"item\":\"https:\\\/\\\/mariasmolina24.thkit.ee\\\/wp\\\/\"},{\"@type\":\"ListItem\",\"position\":2,\"name\":\"Andmebaasis\u00fcsteem\"}]},{\"@type\":\"WebSite\",\"@id\":\"https:\\\/\\\/mariasmolina24.thkit.ee\\\/wp\\\/#website\",\"url\":\"https:\\\/\\\/mariasmolina24.thkit.ee\\\/wp\\\/\",\"name\":\"Maria Smolina \u00d5PIMAPP\\\/ Portfoolio | EST |\",\"description\":\"Noorem Tarkvaraarendaja eriala\",\"publisher\":{\"@id\":\"https:\\\/\\\/mariasmolina24.thkit.ee\\\/wp\\\/#organization\"},\"potentialAction\":[{\"@type\":\"SearchAction\",\"target\":{\"@type\":\"EntryPoint\",\"urlTemplate\":\"https:\\\/\\\/mariasmolina24.thkit.ee\\\/wp\\\/?s={search_term_string}\"},\"query-input\":{\"@type\":\"PropertyValueSpecification\",\"valueRequired\":true,\"valueName\":\"search_term_string\"}}],\"inLanguage\":\"et\"},{\"@type\":\"Organization\",\"@id\":\"https:\\\/\\\/mariasmolina24.thkit.ee\\\/wp\\\/#organization\",\"name\":\"Maria Smolina \u00d5PIMAPP\\\/ Portfoolio | EST |\",\"url\":\"https:\\\/\\\/mariasmolina24.thkit.ee\\\/wp\\\/\",\"logo\":{\"@type\":\"ImageObject\",\"inLanguage\":\"et\",\"@id\":\"https:\\\/\\\/mariasmolina24.thkit.ee\\\/wp\\\/#\\\/schema\\\/logo\\\/image\\\/\",\"url\":\"https:\\\/\\\/mariasmolina24.thkit.ee\\\/wp\\\/wp-content\\\/uploads\\\/2024\\\/11\\\/cropped-cropped-cropped-logo.png\",\"contentUrl\":\"https:\\\/\\\/mariasmolina24.thkit.ee\\\/wp\\\/wp-content\\\/uploads\\\/2024\\\/11\\\/cropped-cropped-cropped-logo.png\",\"width\":373,\"height\":373,\"caption\":\"Maria Smolina \u00d5PIMAPP\\\/ Portfoolio | EST |\"},\"image\":{\"@id\":\"https:\\\/\\\/mariasmolina24.thkit.ee\\\/wp\\\/#\\\/schema\\\/logo\\\/image\\\/\"}}]}<\/script>\n<!-- \/ Yoast SEO plugin. -->","yoast_head_json":{"title":"Andmebaasis\u00fcsteem - Maria Smolina &Otilde;PIMAPP\/ Portfoolio | EST |","description":"Andmebaasis\u00fcsteem (DBS) haldab andmeid. T\u00fc\u00fcbid: relatsioonilised (MySQL, PostgreSQL) ja NoSQL (MongoDB, Redis). Tagab terviklikkuse, turvalisuse, t\u00f5hususe.","robots":{"index":"index","follow":"follow","max-snippet":"max-snippet:-1","max-image-preview":"max-image-preview:large","max-video-preview":"max-video-preview:-1"},"canonical":"https:\/\/mariasmolina24.thkit.ee\/wp\/andmebaasisusteem\/","og_locale":"et_EE","og_type":"article","og_title":"Andmebaasis\u00fcsteem - Maria Smolina &Otilde;PIMAPP\/ Portfoolio | EST |","og_description":"Andmebaasis\u00fcsteem (DBS) haldab andmeid. T\u00fc\u00fcbid: relatsioonilised (MySQL, PostgreSQL) ja NoSQL (MongoDB, Redis). Tagab terviklikkuse, turvalisuse, t\u00f5hususe.","og_url":"https:\/\/mariasmolina24.thkit.ee\/wp\/andmebaasisusteem\/","og_site_name":"Maria Smolina &Otilde;PIMAPP\/ Portfoolio | EST |","article_modified_time":"2025-03-21T15:02:45+00:00","og_image":[{"width":1537,"height":786,"url":"https:\/\/mariasmolina24.thkit.ee\/wp\/wp-content\/uploads\/2025\/03\/image-130.png","type":"image\/png"}],"twitter_card":"summary_large_image","twitter_misc":{"Est. reading time":"2 minutit"},"schema":{"@context":"https:\/\/schema.org","@graph":[{"@type":"WebPage","@id":"https:\/\/mariasmolina24.thkit.ee\/wp\/andmebaasisusteem\/","url":"https:\/\/mariasmolina24.thkit.ee\/wp\/andmebaasisusteem\/","name":"Andmebaasis\u00fcsteem - Maria Smolina &Otilde;PIMAPP\/ Portfoolio | EST |","isPartOf":{"@id":"https:\/\/mariasmolina24.thkit.ee\/wp\/#website"},"primaryImageOfPage":{"@id":"https:\/\/mariasmolina24.thkit.ee\/wp\/andmebaasisusteem\/#primaryimage"},"image":{"@id":"https:\/\/mariasmolina24.thkit.ee\/wp\/andmebaasisusteem\/#primaryimage"},"thumbnailUrl":"https:\/\/mariasmolina24.thkit.ee\/wp\/wp-content\/uploads\/2025\/03\/image-130-1024x524.png","datePublished":"2025-03-17T17:57:50+00:00","dateModified":"2025-03-21T15:02:45+00:00","description":"Andmebaasis\u00fcsteem (DBS) haldab andmeid. T\u00fc\u00fcbid: relatsioonilised (MySQL, PostgreSQL) ja NoSQL (MongoDB, Redis). Tagab terviklikkuse, turvalisuse, t\u00f5hususe.","breadcrumb":{"@id":"https:\/\/mariasmolina24.thkit.ee\/wp\/andmebaasisusteem\/#breadcrumb"},"inLanguage":"et","potentialAction":[{"@type":"ReadAction","target":["https:\/\/mariasmolina24.thkit.ee\/wp\/andmebaasisusteem\/"]}]},{"@type":"ImageObject","inLanguage":"et","@id":"https:\/\/mariasmolina24.thkit.ee\/wp\/andmebaasisusteem\/#primaryimage","url":"https:\/\/mariasmolina24.thkit.ee\/wp\/wp-content\/uploads\/2025\/03\/image-130.png","contentUrl":"https:\/\/mariasmolina24.thkit.ee\/wp\/wp-content\/uploads\/2025\/03\/image-130.png","width":1537,"height":786},{"@type":"BreadcrumbList","@id":"https:\/\/mariasmolina24.thkit.ee\/wp\/andmebaasisusteem\/#breadcrumb","itemListElement":[{"@type":"ListItem","position":1,"name":"\u0413\u043b\u0430\u0432\u043d\u0430\u044f \u0441\u0442\u0440\u0430\u043d\u0438\u0446\u0430","item":"https:\/\/mariasmolina24.thkit.ee\/wp\/"},{"@type":"ListItem","position":2,"name":"Andmebaasis\u00fcsteem"}]},{"@type":"WebSite","@id":"https:\/\/mariasmolina24.thkit.ee\/wp\/#website","url":"https:\/\/mariasmolina24.thkit.ee\/wp\/","name":"Maria Smolina \u00d5PIMAPP\/ Portfoolio | EST |","description":"Noorem Tarkvaraarendaja eriala","publisher":{"@id":"https:\/\/mariasmolina24.thkit.ee\/wp\/#organization"},"potentialAction":[{"@type":"SearchAction","target":{"@type":"EntryPoint","urlTemplate":"https:\/\/mariasmolina24.thkit.ee\/wp\/?s={search_term_string}"},"query-input":{"@type":"PropertyValueSpecification","valueRequired":true,"valueName":"search_term_string"}}],"inLanguage":"et"},{"@type":"Organization","@id":"https:\/\/mariasmolina24.thkit.ee\/wp\/#organization","name":"Maria Smolina \u00d5PIMAPP\/ Portfoolio | EST |","url":"https:\/\/mariasmolina24.thkit.ee\/wp\/","logo":{"@type":"ImageObject","inLanguage":"et","@id":"https:\/\/mariasmolina24.thkit.ee\/wp\/#\/schema\/logo\/image\/","url":"https:\/\/mariasmolina24.thkit.ee\/wp\/wp-content\/uploads\/2024\/11\/cropped-cropped-cropped-logo.png","contentUrl":"https:\/\/mariasmolina24.thkit.ee\/wp\/wp-content\/uploads\/2024\/11\/cropped-cropped-cropped-logo.png","width":373,"height":373,"caption":"Maria Smolina \u00d5PIMAPP\/ Portfoolio | EST |"},"image":{"@id":"https:\/\/mariasmolina24.thkit.ee\/wp\/#\/schema\/logo\/image\/"}}]}},"_links":{"self":[{"href":"https:\/\/mariasmolina24.thkit.ee\/wp\/wp-json\/wp\/v2\/pages\/2437","targetHints":{"allow":["GET"]}}],"collection":[{"href":"https:\/\/mariasmolina24.thkit.ee\/wp\/wp-json\/wp\/v2\/pages"}],"about":[{"href":"https:\/\/mariasmolina24.thkit.ee\/wp\/wp-json\/wp\/v2\/types\/page"}],"author":[{"embeddable":true,"href":"https:\/\/mariasmolina24.thkit.ee\/wp\/wp-json\/wp\/v2\/users\/1"}],"replies":[{"embeddable":true,"href":"https:\/\/mariasmolina24.thkit.ee\/wp\/wp-json\/wp\/v2\/comments?post=2437"}],"version-history":[{"count":8,"href":"https:\/\/mariasmolina24.thkit.ee\/wp\/wp-json\/wp\/v2\/pages\/2437\/revisions"}],"predecessor-version":[{"id":3728,"href":"https:\/\/mariasmolina24.thkit.ee\/wp\/wp-json\/wp\/v2\/pages\/2437\/revisions\/3728"}],"wp:attachment":[{"href":"https:\/\/mariasmolina24.thkit.ee\/wp\/wp-json\/wp\/v2\/media?parent=2437"}],"curies":[{"name":"wp","href":"https:\/\/api.w.org\/{rel}","templated":true}]}}