{"id":1183,"date":"2024-12-07T22:51:32","date_gmt":"2024-12-07T22:51:32","guid":{"rendered":"https:\/\/mariasmolina24.thkit.ee\/wp\/?page_id=1183"},"modified":"2025-03-21T15:17:47","modified_gmt":"2025-03-21T15:17:47","slug":"asp-net-veebileht-andmebaasiga-sidumine","status":"publish","type":"page","link":"https:\/\/mariasmolina24.thkit.ee\/wp\/asp-net-veebileht-andmebaasiga-sidumine\/","title":{"rendered":"ASP.NET Veebileht + Andmebaasiga sidumine"},"content":{"rendered":"\n<h3 class=\"wp-block-heading has-text-align-center is-style-default has-tertiary-background-color has-background\"><strong>Kuidas n\u00e4idata veebilehel andmetabeli (2 seotud tabelid) andmebaasist?<\/strong><\/h3>\n\n\n\n<p class=\"has-text-align-center\">Server Explorer \u2192 uus <strong>Connect to Database<\/strong><\/p>\n\n\n<div class=\"wp-block-image\">\n<figure class=\"aligncenter has-custom-border\"><a href=\"https:\/\/mariasmolina24.thkit.ee\/wp\/wp-content\/uploads\/2024\/12\/2-2.png\"><img decoding=\"async\" src=\"https:\/\/mariasmolina24.thkit.ee\/wp\/wp-content\/uploads\/2024\/12\/2-2.png\" alt=\"ASP.NET Veebileht + Andmebaasiga sidumine\" class=\"has-border-color\" style=\"border-color:#034284;border-width:1px\"\/><\/a><\/figure>\n<\/div>\n\n\n<p class=\"has-text-align-center\"><strong>Tabel Auto <\/strong>\u2192 hiirega lohistada <strong>About.aspx<\/strong> lehele<\/p>\n\n\n<div class=\"wp-block-image\">\n<figure class=\"aligncenter size-full\"><img loading=\"lazy\" decoding=\"async\" width=\"617\" height=\"355\" src=\"https:\/\/mariasmolina24.thkit.ee\/wp\/wp-content\/uploads\/2024\/12\/000-1.png\" alt=\"ASP.NET Veebileht + Andmebaasiga sidumine\" class=\"wp-image-1258\" srcset=\"https:\/\/mariasmolina24.thkit.ee\/wp\/wp-content\/uploads\/2024\/12\/000-1.png 617w, https:\/\/mariasmolina24.thkit.ee\/wp\/wp-content\/uploads\/2024\/12\/000-1-300x173.png 300w, https:\/\/mariasmolina24.thkit.ee\/wp\/wp-content\/uploads\/2024\/12\/000-1-150x86.png 150w\" sizes=\"auto, (max-width: 617px) 100vw, 617px\" \/><figcaption class=\"wp-element-caption\"><em><strong>Auto Format<\/strong>: Kui soovid muuta v\u00e4rviskeem<\/em><\/figcaption><\/figure>\n<\/div>\n\n\n<p class=\"has-text-align-center\"><strong>Configure Data Source:<\/strong> Kuidas seadistada kahest tabelist sisu<\/p>\n\n\n<div class=\"wp-block-image\">\n<figure class=\"aligncenter\"><a href=\"https:\/\/mariasmolina24.thkit.ee\/wp\/wp-content\/uploads\/2024\/12\/4-1.png\"><img decoding=\"async\" src=\"https:\/\/mariasmolina24.thkit.ee\/wp\/wp-content\/uploads\/2024\/12\/4-1.png\" alt=\"ASP.NET Veebileht + Andmebaasiga sidumine\"\/><\/a><\/figure>\n<\/div>\n\n<div class=\"wp-block-image\">\n<figure class=\"aligncenter\"><a href=\"https:\/\/mariasmolina24.thkit.ee\/wp\/wp-content\/uploads\/2024\/12\/5-1.png\"><img decoding=\"async\" src=\"https:\/\/mariasmolina24.thkit.ee\/wp\/wp-content\/uploads\/2024\/12\/5-1.png\" alt=\"ASP.NET Veebileht + Andmebaasiga sidumine\"\/><\/a><figcaption class=\"wp-element-caption\"><em><strong>Query Builder<\/strong> \u2192 parema hiirekl\u00f5psuga: <strong>Add Table<\/strong><\/em> <em>\u2192<\/em> <em>saab valida, mida soovid kuvada<\/em><\/figcaption><\/figure>\n<\/div>\n\n\n<h2 class=\"wp-block-heading has-text-align-center has-secondary-color has-tertiary-background-color has-text-color has-background has-link-color wp-elements-e1bd5ee1e2652bf091021e56cb783e7d\" style=\"padding-top:20px;padding-bottom:20px\">Tulemus<\/h2>\n\n\n<div class=\"wp-block-image\">\n<figure class=\"aligncenter size-full\"><a href=\"https:\/\/mariasmolina24.thkit.ee\/wp\/wp-content\/uploads\/2024\/12\/001-1.png\"><img loading=\"lazy\" decoding=\"async\" width=\"754\" height=\"389\" src=\"https:\/\/mariasmolina24.thkit.ee\/wp\/wp-content\/uploads\/2024\/12\/001-1.png\" alt=\"ASP.NET Veebileht + Andmebaasiga sidumine\" class=\"wp-image-1261\" srcset=\"https:\/\/mariasmolina24.thkit.ee\/wp\/wp-content\/uploads\/2024\/12\/001-1.png 754w, https:\/\/mariasmolina24.thkit.ee\/wp\/wp-content\/uploads\/2024\/12\/001-1-300x155.png 300w, https:\/\/mariasmolina24.thkit.ee\/wp\/wp-content\/uploads\/2024\/12\/001-1-150x77.png 150w\" sizes=\"auto, (max-width: 754px) 100vw, 754px\" \/><\/a><figcaption class=\"wp-element-caption\"><em><strong>Visual Studio<\/strong> &#8211; About3.aspx Design<\/em><\/figcaption><\/figure>\n<\/div>\n\n<div class=\"wp-block-image\">\n<figure class=\"aligncenter size-full has-custom-border\"><img loading=\"lazy\" decoding=\"async\" width=\"765\" height=\"263\" src=\"https:\/\/mariasmolina24.thkit.ee\/wp\/wp-content\/uploads\/2024\/12\/8-3.png\" alt=\"ASP.NET Veebileht + Andmebaasiga sidumine\" class=\"wp-image-1260\" style=\"border-style:none;border-width:0px\" srcset=\"https:\/\/mariasmolina24.thkit.ee\/wp\/wp-content\/uploads\/2024\/12\/8-3.png 765w, https:\/\/mariasmolina24.thkit.ee\/wp\/wp-content\/uploads\/2024\/12\/8-3-300x103.png 300w, https:\/\/mariasmolina24.thkit.ee\/wp\/wp-content\/uploads\/2024\/12\/8-3-150x52.png 150w\" sizes=\"auto, (max-width: 765px) 100vw, 765px\" \/><figcaption class=\"wp-element-caption\"><em>Veebileht<\/em><\/figcaption><\/figure>\n<\/div>\n\n\n<hr class=\"wp-block-separator aligncenter has-alpha-channel-opacity is-style-wide\"\/>\n\n\n\n<h2 class=\"wp-block-heading has-text-align-center has-secondary-color has-text-color has-link-color wp-elements-8094bfef4f933ef0ae2275be68856051\">\u00d5pilase WEB<\/h2>\n\n\n\n<blockquote class=\"wp-block-quote is-layout-flow wp-block-quote-is-layout-flow\">\n<p class=\"has-tertiary-background-color has-background\">Tegin andmebaas <strong>SQL Server Manager Studios <\/strong>ja tegin <strong>ASP.NET Veebileht<\/strong> Visual Studio programmis, kuhu lisasin andmebaasi tabeleid.\n                        <br>Kasutasin ka <strong>Toolbox<\/strong>, et kasutada elemendid nagu Calender.<\/p>\n<\/blockquote>\n\n\n\n<p class=\"has-text-align-center\"><strong>Kodu<\/strong>: Default.aspx<\/p>\n\n\n<div class=\"wp-block-image is-style-default\">\n<figure class=\"aligncenter size-full\"><img loading=\"lazy\" decoding=\"async\" width=\"623\" height=\"550\" src=\"https:\/\/mariasmolina24.thkit.ee\/wp\/wp-content\/uploads\/2024\/12\/232.png\" alt=\"ASP.NET Veebileht + Andmebaasiga sidumine\" class=\"wp-image-1247\" srcset=\"https:\/\/mariasmolina24.thkit.ee\/wp\/wp-content\/uploads\/2024\/12\/232.png 623w, https:\/\/mariasmolina24.thkit.ee\/wp\/wp-content\/uploads\/2024\/12\/232-300x265.png 300w, https:\/\/mariasmolina24.thkit.ee\/wp\/wp-content\/uploads\/2024\/12\/232-150x132.png 150w\" sizes=\"auto, (max-width: 623px) 100vw, 623px\" \/><\/figure>\n<\/div>\n\n\n<hr class=\"wp-block-separator aligncenter has-alpha-channel-opacity is-style-wide\"\/>\n\n\n\n<p class=\"has-text-align-center\"><strong>Meie \u00f5pilased<\/strong>: About.aspx<\/p>\n\n\n<div class=\"wp-block-image\">\n<figure class=\"aligncenter size-full\"><img loading=\"lazy\" decoding=\"async\" width=\"769\" height=\"256\" src=\"https:\/\/mariasmolina24.thkit.ee\/wp\/wp-content\/uploads\/2024\/12\/12-2.png\" alt=\"ASP.NET Veebileht + Andmebaasiga sidumine\" class=\"wp-image-1233\" srcset=\"https:\/\/mariasmolina24.thkit.ee\/wp\/wp-content\/uploads\/2024\/12\/12-2.png 769w, https:\/\/mariasmolina24.thkit.ee\/wp\/wp-content\/uploads\/2024\/12\/12-2-300x100.png 300w, https:\/\/mariasmolina24.thkit.ee\/wp\/wp-content\/uploads\/2024\/12\/12-2-150x50.png 150w\" sizes=\"auto, (max-width: 769px) 100vw, 769px\" \/><\/figure>\n<\/div>\n\n\n<hr class=\"wp-block-separator aligncenter has-alpha-channel-opacity is-style-wide\"\/>\n\n\n\n<p class=\"has-text-align-center\"><strong>Lisa \u00f5pilane<\/strong>: Contact.aspx<\/p>\n\n\n<div class=\"wp-block-image\">\n<figure class=\"aligncenter size-full\"><img loading=\"lazy\" decoding=\"async\" width=\"583\" height=\"517\" src=\"https:\/\/mariasmolina24.thkit.ee\/wp\/wp-content\/uploads\/2024\/12\/11.png\" alt=\"ASP.NET Veebileht + Andmebaasiga sidumine\" class=\"wp-image-1227\" srcset=\"https:\/\/mariasmolina24.thkit.ee\/wp\/wp-content\/uploads\/2024\/12\/11.png 583w, https:\/\/mariasmolina24.thkit.ee\/wp\/wp-content\/uploads\/2024\/12\/11-300x266.png 300w, https:\/\/mariasmolina24.thkit.ee\/wp\/wp-content\/uploads\/2024\/12\/11-150x133.png 150w\" sizes=\"auto, (max-width: 583px) 100vw, 583px\" \/><figcaption class=\"wp-element-caption\"><em>Saab lisada \u00f5pilane ja valida s\u00fcnniaeg kalendris.<br>Lisatud \u00f5pilane ilmub &#8220;Meie \u00f5pilased&#8221; lehele<\/em><\/figcaption><\/figure>\n<\/div>\n\n\n<hr class=\"wp-block-separator aligncenter has-alpha-channel-opacity is-style-wide\"\/>\n\n\n\n<p class=\"has-text-align-center\"><strong>R\u00fchmad<\/strong>: About2.aspx<\/p>\n\n\n<div class=\"wp-block-image\">\n<figure class=\"aligncenter size-full\"><img loading=\"lazy\" decoding=\"async\" width=\"619\" height=\"276\" src=\"https:\/\/mariasmolina24.thkit.ee\/wp\/wp-content\/uploads\/2024\/12\/45-2.png\" alt=\"ASP.NET Veebileht + Andmebaasiga sidumine\" class=\"wp-image-1248\" srcset=\"https:\/\/mariasmolina24.thkit.ee\/wp\/wp-content\/uploads\/2024\/12\/45-2.png 619w, https:\/\/mariasmolina24.thkit.ee\/wp\/wp-content\/uploads\/2024\/12\/45-2-300x134.png 300w, https:\/\/mariasmolina24.thkit.ee\/wp\/wp-content\/uploads\/2024\/12\/45-2-150x67.png 150w\" sizes=\"auto, (max-width: 619px) 100vw, 619px\" \/><\/figure>\n<\/div>\n\n<\/div><\/div>\n<\/p><\/div>\n<\/p><\/div>\n<\/p><\/div>\n<\/p><\/div>\n<\/p><\/div>\n<\/p><\/div>\n<\/p><\/div>\n<\/div>","protected":false},"excerpt":{"rendered":"<p>Kuidas n\u00e4idata veebilehel andmetabeli (2 seotud tabelid) andmebaasist? Server Explorer \u2192 uus Connect [&hellip;]<\/p>\n","protected":false},"author":1,"featured_media":0,"parent":0,"menu_order":0,"comment_status":"closed","ping_status":"closed","template":"page-templates\/full-width-page.php","meta":{"footnotes":""},"class_list":["post-1183","page","type-page","status-publish","hentry"],"yoast_head":"<!-- This site is optimized with the Yoast SEO plugin v27.3 - https:\/\/yoast.com\/product\/yoast-seo-wordpress\/ -->\n<title>ASP.NET Veebileht + Andmebaasiga sidumine - Maria Smolina &Otilde;PIMAPP\/ Portfoolio | EST | juhend<\/title>\n<meta name=\"description\" content=\"Loo ASP.NET veebileht ja \u00fchenda see andmebaasiga. T\u00e4ielik juhend andmete salvestamiseks ja kuvamiseks veebirakendustes.\" \/>\n<meta name=\"robots\" content=\"index, follow, max-snippet:-1, max-image-preview:large, max-video-preview:-1\" \/>\n<link rel=\"canonical\" href=\"https:\/\/mariasmolina24.thkit.ee\/wp\/asp-net-veebileht-andmebaasiga-sidumine\/\" \/>\n<meta property=\"og:locale\" content=\"et_EE\" \/>\n<meta property=\"og:type\" content=\"article\" \/>\n<meta property=\"og:title\" content=\"ASP.NET Veebileht + Andmebaasiga sidumine - Maria Smolina &Otilde;PIMAPP\/ Portfoolio | EST | juhend\" \/>\n<meta property=\"og:description\" content=\"Loo ASP.NET veebileht ja \u00fchenda see andmebaasiga. T\u00e4ielik juhend andmete salvestamiseks ja kuvamiseks veebirakendustes.\" \/>\n<meta property=\"og:url\" content=\"https:\/\/mariasmolina24.thkit.ee\/wp\/asp-net-veebileht-andmebaasiga-sidumine\/\" \/>\n<meta property=\"og:site_name\" content=\"Maria Smolina &Otilde;PIMAPP\/ Portfoolio | EST |\" \/>\n<meta property=\"article:modified_time\" content=\"2025-03-21T15:17:47+00:00\" \/>\n<meta property=\"og:image\" content=\"https:\/\/mariasmolina24.thkit.ee\/wp\/wp-content\/uploads\/2024\/12\/2-2.png\" \/>\n<meta name=\"twitter:card\" content=\"summary_large_image\" \/>\n<meta name=\"twitter:label1\" content=\"Est. reading time\" \/>\n\t<meta name=\"twitter:data1\" content=\"3 minutit\" \/>\n<script type=\"application\/ld+json\" class=\"yoast-schema-graph\">{\"@context\":\"https:\\\/\\\/schema.org\",\"@graph\":[{\"@type\":\"WebPage\",\"@id\":\"https:\\\/\\\/mariasmolina24.thkit.ee\\\/wp\\\/asp-net-veebileht-andmebaasiga-sidumine\\\/\",\"url\":\"https:\\\/\\\/mariasmolina24.thkit.ee\\\/wp\\\/asp-net-veebileht-andmebaasiga-sidumine\\\/\",\"name\":\"ASP.NET Veebileht + Andmebaasiga sidumine - Maria Smolina &Otilde;PIMAPP\\\/ Portfoolio | EST | juhend\",\"isPartOf\":{\"@id\":\"https:\\\/\\\/mariasmolina24.thkit.ee\\\/wp\\\/#website\"},\"primaryImageOfPage\":{\"@id\":\"https:\\\/\\\/mariasmolina24.thkit.ee\\\/wp\\\/asp-net-veebileht-andmebaasiga-sidumine\\\/#primaryimage\"},\"image\":{\"@id\":\"https:\\\/\\\/mariasmolina24.thkit.ee\\\/wp\\\/asp-net-veebileht-andmebaasiga-sidumine\\\/#primaryimage\"},\"thumbnailUrl\":\"https:\\\/\\\/mariasmolina24.thkit.ee\\\/wp\\\/wp-content\\\/uploads\\\/2024\\\/12\\\/2-2.png\",\"datePublished\":\"2024-12-07T22:51:32+00:00\",\"dateModified\":\"2025-03-21T15:17:47+00:00\",\"description\":\"Loo ASP.NET veebileht ja \u00fchenda see andmebaasiga. T\u00e4ielik juhend andmete salvestamiseks ja kuvamiseks veebirakendustes.\",\"breadcrumb\":{\"@id\":\"https:\\\/\\\/mariasmolina24.thkit.ee\\\/wp\\\/asp-net-veebileht-andmebaasiga-sidumine\\\/#breadcrumb\"},\"inLanguage\":\"et\",\"potentialAction\":[{\"@type\":\"ReadAction\",\"target\":[\"https:\\\/\\\/mariasmolina24.thkit.ee\\\/wp\\\/asp-net-veebileht-andmebaasiga-sidumine\\\/\"]}]},{\"@type\":\"ImageObject\",\"inLanguage\":\"et\",\"@id\":\"https:\\\/\\\/mariasmolina24.thkit.ee\\\/wp\\\/asp-net-veebileht-andmebaasiga-sidumine\\\/#primaryimage\",\"url\":\"https:\\\/\\\/mariasmolina24.thkit.ee\\\/wp\\\/wp-content\\\/uploads\\\/2024\\\/12\\\/2-2.png\",\"contentUrl\":\"https:\\\/\\\/mariasmolina24.thkit.ee\\\/wp\\\/wp-content\\\/uploads\\\/2024\\\/12\\\/2-2.png\"},{\"@type\":\"BreadcrumbList\",\"@id\":\"https:\\\/\\\/mariasmolina24.thkit.ee\\\/wp\\\/asp-net-veebileht-andmebaasiga-sidumine\\\/#breadcrumb\",\"itemListElement\":[{\"@type\":\"ListItem\",\"position\":1,\"name\":\"\u0413\u043b\u0430\u0432\u043d\u0430\u044f \u0441\u0442\u0440\u0430\u043d\u0438\u0446\u0430\",\"item\":\"https:\\\/\\\/mariasmolina24.thkit.ee\\\/wp\\\/\"},{\"@type\":\"ListItem\",\"position\":2,\"name\":\"ASP.NET Veebileht + Andmebaasiga sidumine\"}]},{\"@type\":\"WebSite\",\"@id\":\"https:\\\/\\\/mariasmolina24.thkit.ee\\\/wp\\\/#website\",\"url\":\"https:\\\/\\\/mariasmolina24.thkit.ee\\\/wp\\\/\",\"name\":\"Maria Smolina \u00d5PIMAPP\\\/ Portfoolio | EST |\",\"description\":\"Noorem Tarkvaraarendaja eriala\",\"publisher\":{\"@id\":\"https:\\\/\\\/mariasmolina24.thkit.ee\\\/wp\\\/#organization\"},\"potentialAction\":[{\"@type\":\"SearchAction\",\"target\":{\"@type\":\"EntryPoint\",\"urlTemplate\":\"https:\\\/\\\/mariasmolina24.thkit.ee\\\/wp\\\/?s={search_term_string}\"},\"query-input\":{\"@type\":\"PropertyValueSpecification\",\"valueRequired\":true,\"valueName\":\"search_term_string\"}}],\"inLanguage\":\"et\"},{\"@type\":\"Organization\",\"@id\":\"https:\\\/\\\/mariasmolina24.thkit.ee\\\/wp\\\/#organization\",\"name\":\"Maria Smolina \u00d5PIMAPP\\\/ Portfoolio | EST |\",\"url\":\"https:\\\/\\\/mariasmolina24.thkit.ee\\\/wp\\\/\",\"logo\":{\"@type\":\"ImageObject\",\"inLanguage\":\"et\",\"@id\":\"https:\\\/\\\/mariasmolina24.thkit.ee\\\/wp\\\/#\\\/schema\\\/logo\\\/image\\\/\",\"url\":\"https:\\\/\\\/mariasmolina24.thkit.ee\\\/wp\\\/wp-content\\\/uploads\\\/2024\\\/11\\\/cropped-cropped-cropped-logo.png\",\"contentUrl\":\"https:\\\/\\\/mariasmolina24.thkit.ee\\\/wp\\\/wp-content\\\/uploads\\\/2024\\\/11\\\/cropped-cropped-cropped-logo.png\",\"width\":373,\"height\":373,\"caption\":\"Maria Smolina \u00d5PIMAPP\\\/ Portfoolio | EST |\"},\"image\":{\"@id\":\"https:\\\/\\\/mariasmolina24.thkit.ee\\\/wp\\\/#\\\/schema\\\/logo\\\/image\\\/\"}}]}<\/script>\n<!-- \/ Yoast SEO plugin. -->","yoast_head_json":{"title":"ASP.NET Veebileht + Andmebaasiga sidumine - Maria Smolina &Otilde;PIMAPP\/ Portfoolio | EST | juhend","description":"Loo ASP.NET veebileht ja \u00fchenda see andmebaasiga. T\u00e4ielik juhend andmete salvestamiseks ja kuvamiseks veebirakendustes.","robots":{"index":"index","follow":"follow","max-snippet":"max-snippet:-1","max-image-preview":"max-image-preview:large","max-video-preview":"max-video-preview:-1"},"canonical":"https:\/\/mariasmolina24.thkit.ee\/wp\/asp-net-veebileht-andmebaasiga-sidumine\/","og_locale":"et_EE","og_type":"article","og_title":"ASP.NET Veebileht + Andmebaasiga sidumine - Maria Smolina &Otilde;PIMAPP\/ Portfoolio | EST | juhend","og_description":"Loo ASP.NET veebileht ja \u00fchenda see andmebaasiga. T\u00e4ielik juhend andmete salvestamiseks ja kuvamiseks veebirakendustes.","og_url":"https:\/\/mariasmolina24.thkit.ee\/wp\/asp-net-veebileht-andmebaasiga-sidumine\/","og_site_name":"Maria Smolina &Otilde;PIMAPP\/ Portfoolio | EST |","article_modified_time":"2025-03-21T15:17:47+00:00","og_image":[{"url":"https:\/\/mariasmolina24.thkit.ee\/wp\/wp-content\/uploads\/2024\/12\/2-2.png","type":"","width":"","height":""}],"twitter_card":"summary_large_image","twitter_misc":{"Est. reading time":"3 minutit"},"schema":{"@context":"https:\/\/schema.org","@graph":[{"@type":"WebPage","@id":"https:\/\/mariasmolina24.thkit.ee\/wp\/asp-net-veebileht-andmebaasiga-sidumine\/","url":"https:\/\/mariasmolina24.thkit.ee\/wp\/asp-net-veebileht-andmebaasiga-sidumine\/","name":"ASP.NET Veebileht + Andmebaasiga sidumine - Maria Smolina &Otilde;PIMAPP\/ Portfoolio | EST | juhend","isPartOf":{"@id":"https:\/\/mariasmolina24.thkit.ee\/wp\/#website"},"primaryImageOfPage":{"@id":"https:\/\/mariasmolina24.thkit.ee\/wp\/asp-net-veebileht-andmebaasiga-sidumine\/#primaryimage"},"image":{"@id":"https:\/\/mariasmolina24.thkit.ee\/wp\/asp-net-veebileht-andmebaasiga-sidumine\/#primaryimage"},"thumbnailUrl":"https:\/\/mariasmolina24.thkit.ee\/wp\/wp-content\/uploads\/2024\/12\/2-2.png","datePublished":"2024-12-07T22:51:32+00:00","dateModified":"2025-03-21T15:17:47+00:00","description":"Loo ASP.NET veebileht ja \u00fchenda see andmebaasiga. T\u00e4ielik juhend andmete salvestamiseks ja kuvamiseks veebirakendustes.","breadcrumb":{"@id":"https:\/\/mariasmolina24.thkit.ee\/wp\/asp-net-veebileht-andmebaasiga-sidumine\/#breadcrumb"},"inLanguage":"et","potentialAction":[{"@type":"ReadAction","target":["https:\/\/mariasmolina24.thkit.ee\/wp\/asp-net-veebileht-andmebaasiga-sidumine\/"]}]},{"@type":"ImageObject","inLanguage":"et","@id":"https:\/\/mariasmolina24.thkit.ee\/wp\/asp-net-veebileht-andmebaasiga-sidumine\/#primaryimage","url":"https:\/\/mariasmolina24.thkit.ee\/wp\/wp-content\/uploads\/2024\/12\/2-2.png","contentUrl":"https:\/\/mariasmolina24.thkit.ee\/wp\/wp-content\/uploads\/2024\/12\/2-2.png"},{"@type":"BreadcrumbList","@id":"https:\/\/mariasmolina24.thkit.ee\/wp\/asp-net-veebileht-andmebaasiga-sidumine\/#breadcrumb","itemListElement":[{"@type":"ListItem","position":1,"name":"\u0413\u043b\u0430\u0432\u043d\u0430\u044f \u0441\u0442\u0440\u0430\u043d\u0438\u0446\u0430","item":"https:\/\/mariasmolina24.thkit.ee\/wp\/"},{"@type":"ListItem","position":2,"name":"ASP.NET Veebileht + Andmebaasiga sidumine"}]},{"@type":"WebSite","@id":"https:\/\/mariasmolina24.thkit.ee\/wp\/#website","url":"https:\/\/mariasmolina24.thkit.ee\/wp\/","name":"Maria Smolina \u00d5PIMAPP\/ Portfoolio | EST |","description":"Noorem Tarkvaraarendaja eriala","publisher":{"@id":"https:\/\/mariasmolina24.thkit.ee\/wp\/#organization"},"potentialAction":[{"@type":"SearchAction","target":{"@type":"EntryPoint","urlTemplate":"https:\/\/mariasmolina24.thkit.ee\/wp\/?s={search_term_string}"},"query-input":{"@type":"PropertyValueSpecification","valueRequired":true,"valueName":"search_term_string"}}],"inLanguage":"et"},{"@type":"Organization","@id":"https:\/\/mariasmolina24.thkit.ee\/wp\/#organization","name":"Maria Smolina \u00d5PIMAPP\/ Portfoolio | EST |","url":"https:\/\/mariasmolina24.thkit.ee\/wp\/","logo":{"@type":"ImageObject","inLanguage":"et","@id":"https:\/\/mariasmolina24.thkit.ee\/wp\/#\/schema\/logo\/image\/","url":"https:\/\/mariasmolina24.thkit.ee\/wp\/wp-content\/uploads\/2024\/11\/cropped-cropped-cropped-logo.png","contentUrl":"https:\/\/mariasmolina24.thkit.ee\/wp\/wp-content\/uploads\/2024\/11\/cropped-cropped-cropped-logo.png","width":373,"height":373,"caption":"Maria Smolina \u00d5PIMAPP\/ Portfoolio | EST |"},"image":{"@id":"https:\/\/mariasmolina24.thkit.ee\/wp\/#\/schema\/logo\/image\/"}}]}},"_links":{"self":[{"href":"https:\/\/mariasmolina24.thkit.ee\/wp\/wp-json\/wp\/v2\/pages\/1183","targetHints":{"allow":["GET"]}}],"collection":[{"href":"https:\/\/mariasmolina24.thkit.ee\/wp\/wp-json\/wp\/v2\/pages"}],"about":[{"href":"https:\/\/mariasmolina24.thkit.ee\/wp\/wp-json\/wp\/v2\/types\/page"}],"author":[{"embeddable":true,"href":"https:\/\/mariasmolina24.thkit.ee\/wp\/wp-json\/wp\/v2\/users\/1"}],"replies":[{"embeddable":true,"href":"https:\/\/mariasmolina24.thkit.ee\/wp\/wp-json\/wp\/v2\/comments?post=1183"}],"version-history":[{"count":19,"href":"https:\/\/mariasmolina24.thkit.ee\/wp\/wp-json\/wp\/v2\/pages\/1183\/revisions"}],"predecessor-version":[{"id":3767,"href":"https:\/\/mariasmolina24.thkit.ee\/wp\/wp-json\/wp\/v2\/pages\/1183\/revisions\/3767"}],"wp:attachment":[{"href":"https:\/\/mariasmolina24.thkit.ee\/wp\/wp-json\/wp\/v2\/media?parent=1183"}],"curies":[{"name":"wp","href":"https:\/\/api.w.org\/{rel}","templated":true}]}}